{"id":180091,"date":"2024-12-18T09:20:47","date_gmt":"2024-12-18T08:20:47","guid":{"rendered":"https:\/\/www.laperlavalles.cat\/product\/balibulan-wonton-200g-balikitchen-2\/"},"modified":"2024-12-18T09:20:47","modified_gmt":"2024-12-18T08:20:47","slug":"balibulan-wonton-200g-balikitchen-2","status":"publish","type":"product","link":"https:\/\/www.laperlavalles.cat\/fr\/produit\/balibulan-wonton-200g-balikitchen-2\/","title":{"rendered":"Balibulan Wonton 200g BaliKitchen"},"content":{"rendered":"<p>Qu&rsquo;il s&rsquo;agisse de plats au wok, de soupes ou d&rsquo;accompagnements, les nouilles Wonton sont tr\u00e8s polyvalentes et constituent un plat asiatique populaire \u00e0 la maison. Pr\u00e9paration rapide et facile. Sans additifs ni exhausteurs de go\u00fbt. <\/p>\n","protected":false},"excerpt":{"rendered":"<p>Qu&rsquo;il s&rsquo;agisse de plats au wok, de soupes ou d&rsquo;accompagnements, les nouilles Wonton sont tr\u00e8s polyvalentes et constituent un plat asiatique populaire \u00e0 la maison. Pr\u00e9paration<span class=\"excerpt-hellip\"> [\u2026]<\/span><\/p>\n","protected":false},"featured_media":180087,"comment_status":"open","ping_status":"closed","template":"","meta":[],"product_cat":[36],"product_tag":[],"_links":{"self":[{"href":"https:\/\/www.laperlavalles.cat\/fr\/wp-json\/wp\/v2\/product\/180091"}],"collection":[{"href":"https:\/\/www.laperlavalles.cat\/fr\/wp-json\/wp\/v2\/product"}],"about":[{"href":"https:\/\/www.laperlavalles.cat\/fr\/wp-json\/wp\/v2\/types\/product"}],"replies":[{"embeddable":true,"href":"https:\/\/www.laperlavalles.cat\/fr\/wp-json\/wp\/v2\/comments?post=180091"}],"wp:featuredmedia":[{"embeddable":true,"href":"https:\/\/www.laperlavalles.cat\/fr\/wp-json\/wp\/v2\/media\/180087"}],"wp:attachment":[{"href":"https:\/\/www.laperlavalles.cat\/fr\/wp-json\/wp\/v2\/media?parent=180091"}],"wp:term":[{"taxonomy":"product_cat","embeddable":true,"href":"https:\/\/www.laperlavalles.cat\/fr\/wp-json\/wp\/v2\/product_cat?post=180091"},{"taxonomy":"product_tag","embeddable":true,"href":"https:\/\/www.laperlavalles.cat\/fr\/wp-json\/wp\/v2\/product_tag?post=180091"}],"curies":[{"name":"wp","href":"https:\/\/api.w.org\/{rel}","templated":true}]}}