{"id":180141,"date":"2024-12-18T09:24:44","date_gmt":"2024-12-18T08:24:44","guid":{"rendered":"https:\/\/www.laperlavalles.cat\/product\/panko-6-8mm-beary-4\/"},"modified":"2024-12-18T09:24:44","modified_gmt":"2024-12-18T08:24:44","slug":"panko-6-8mm-beary-4","status":"publish","type":"product","link":"https:\/\/www.laperlavalles.cat\/fr\/produit\/panko-6-8mm-beary-4\/","title":{"rendered":"Panko 6-8mm Beary"},"content":{"rendered":"<p>e Panko 6-8 mm de la marque Beary est un type de panko japonais d\u00e9crit comme v\u00e9g\u00e9talien, sans colorants artificiels ni conservateurs.<\/p>\n","protected":false},"excerpt":{"rendered":"<p>e Panko 6-8 mm de la marque Beary est un type de panko japonais d\u00e9crit comme v\u00e9g\u00e9talien, sans colorants artificiels ni conservateurs.<\/p>\n","protected":false},"featured_media":180137,"comment_status":"open","ping_status":"closed","template":"","meta":[],"product_cat":[8589,8456],"product_tag":[],"_links":{"self":[{"href":"https:\/\/www.laperlavalles.cat\/fr\/wp-json\/wp\/v2\/product\/180141"}],"collection":[{"href":"https:\/\/www.laperlavalles.cat\/fr\/wp-json\/wp\/v2\/product"}],"about":[{"href":"https:\/\/www.laperlavalles.cat\/fr\/wp-json\/wp\/v2\/types\/product"}],"replies":[{"embeddable":true,"href":"https:\/\/www.laperlavalles.cat\/fr\/wp-json\/wp\/v2\/comments?post=180141"}],"wp:featuredmedia":[{"embeddable":true,"href":"https:\/\/www.laperlavalles.cat\/fr\/wp-json\/wp\/v2\/media\/180137"}],"wp:attachment":[{"href":"https:\/\/www.laperlavalles.cat\/fr\/wp-json\/wp\/v2\/media?parent=180141"}],"wp:term":[{"taxonomy":"product_cat","embeddable":true,"href":"https:\/\/www.laperlavalles.cat\/fr\/wp-json\/wp\/v2\/product_cat?post=180141"},{"taxonomy":"product_tag","embeddable":true,"href":"https:\/\/www.laperlavalles.cat\/fr\/wp-json\/wp\/v2\/product_tag?post=180141"}],"curies":[{"name":"wp","href":"https:\/\/api.w.org\/{rel}","templated":true}]}}