{"id":180221,"date":"2024-12-18T09:30:32","date_gmt":"2024-12-18T08:30:50","guid":{"rendered":"https:\/\/www.laperlavalles.cat\/product\/panko-6-8mm-beary-9\/"},"modified":"2025-01-07T11:40:59","modified_gmt":"2025-01-07T10:40:59","slug":"panko-6-8mm-beary-9","status":"publish","type":"product","link":"https:\/\/www.laperlavalles.cat\/fr\/produit\/panko-6-8mm-beary-9\/","title":{"rendered":"Panko 6-8mm Beary"},"content":{"rendered":"<p>Le Panko 6-8 mm de la marque Beary est un type de panko japonais d\u00e9crit comme v\u00e9g\u00e9talien, sans colorants artificiels ni conservateurs.<\/p>\n","protected":false},"excerpt":{"rendered":"<p>Le Panko 6-8 mm de la marque Beary est un type de panko japonais d\u00e9crit comme v\u00e9g\u00e9talien, sans colorants artificiels ni conservateurs.<\/p>\n","protected":false},"featured_media":180204,"comment_status":"open","ping_status":"closed","template":"","meta":[],"product_cat":[8589,8456],"product_tag":[],"_links":{"self":[{"href":"https:\/\/www.laperlavalles.cat\/fr\/wp-json\/wp\/v2\/product\/180221"}],"collection":[{"href":"https:\/\/www.laperlavalles.cat\/fr\/wp-json\/wp\/v2\/product"}],"about":[{"href":"https:\/\/www.laperlavalles.cat\/fr\/wp-json\/wp\/v2\/types\/product"}],"replies":[{"embeddable":true,"href":"https:\/\/www.laperlavalles.cat\/fr\/wp-json\/wp\/v2\/comments?post=180221"}],"wp:featuredmedia":[{"embeddable":true,"href":"https:\/\/www.laperlavalles.cat\/fr\/wp-json\/wp\/v2\/media\/180204"}],"wp:attachment":[{"href":"https:\/\/www.laperlavalles.cat\/fr\/wp-json\/wp\/v2\/media?parent=180221"}],"wp:term":[{"taxonomy":"product_cat","embeddable":true,"href":"https:\/\/www.laperlavalles.cat\/fr\/wp-json\/wp\/v2\/product_cat?post=180221"},{"taxonomy":"product_tag","embeddable":true,"href":"https:\/\/www.laperlavalles.cat\/fr\/wp-json\/wp\/v2\/product_tag?post=180221"}],"curies":[{"name":"wp","href":"https:\/\/api.w.org\/{rel}","templated":true}]}}