{"id":180361,"date":"2024-12-18T09:40:33","date_gmt":"2024-12-18T08:40:50","guid":{"rendered":"https:\/\/www.laperlavalles.cat\/product\/baie-turque-120g-ambramart\/"},"modified":"2025-02-18T14:00:34","modified_gmt":"2025-02-18T13:00:34","slug":"baie-turque-120g-ambramart","status":"publish","type":"product","link":"https:\/\/www.laperlavalles.cat\/fr\/produit\/baie-turque-120g-ambramart\/","title":{"rendered":"Baie turque 120g Ambramart"},"content":{"rendered":"<p>La poudre de baies turques est une bonne source de vitamines et de min\u00e9raux, y compris la vitamine C, le potassium et le fer. La poudre de baies turques de la marque Abramart est un ingr\u00e9dient polyvalent qui peut \u00eatre utilis\u00e9 dans une vari\u00e9t\u00e9 de recettes.<\/p>\n","protected":false},"excerpt":{"rendered":"<p>La poudre de baies turques est une bonne source de vitamines et de min\u00e9raux, y compris la vitamine C, le potassium et le fer. La poudre<span class=\"excerpt-hellip\"> [\u2026]<\/span><\/p>\n","protected":false},"featured_media":180329,"comment_status":"open","ping_status":"closed","template":"","meta":[],"product_cat":[8588],"product_tag":[],"_links":{"self":[{"href":"https:\/\/www.laperlavalles.cat\/fr\/wp-json\/wp\/v2\/product\/180361"}],"collection":[{"href":"https:\/\/www.laperlavalles.cat\/fr\/wp-json\/wp\/v2\/product"}],"about":[{"href":"https:\/\/www.laperlavalles.cat\/fr\/wp-json\/wp\/v2\/types\/product"}],"replies":[{"embeddable":true,"href":"https:\/\/www.laperlavalles.cat\/fr\/wp-json\/wp\/v2\/comments?post=180361"}],"wp:featuredmedia":[{"embeddable":true,"href":"https:\/\/www.laperlavalles.cat\/fr\/wp-json\/wp\/v2\/media\/180329"}],"wp:attachment":[{"href":"https:\/\/www.laperlavalles.cat\/fr\/wp-json\/wp\/v2\/media?parent=180361"}],"wp:term":[{"taxonomy":"product_cat","embeddable":true,"href":"https:\/\/www.laperlavalles.cat\/fr\/wp-json\/wp\/v2\/product_cat?post=180361"},{"taxonomy":"product_tag","embeddable":true,"href":"https:\/\/www.laperlavalles.cat\/fr\/wp-json\/wp\/v2\/product_tag?post=180361"}],"curies":[{"name":"wp","href":"https:\/\/api.w.org\/{rel}","templated":true}]}}