{"id":180486,"date":"2024-12-18T09:48:18","date_gmt":"2024-12-18T08:48:18","guid":{"rendered":"https:\/\/www.laperlavalles.cat\/product\/sauce-au-sesame-roti-goma-dressing-15l-beary-2\/"},"modified":"2024-12-18T09:48:18","modified_gmt":"2024-12-18T08:48:18","slug":"sauce-au-sesame-roti-goma-dressing-15l-beary-2","status":"publish","type":"product","link":"https:\/\/www.laperlavalles.cat\/fr\/produit\/sauce-au-sesame-roti-goma-dressing-15l-beary-2\/","title":{"rendered":"Sauce au s\u00e9same r\u00f4ti Goma dressing 1,5L Beary"},"content":{"rendered":"<p>Cette sauce est compos\u00e9e d&rsquo;huile de s\u00e9same, de sauce soja, de vinaigre de riz, de sucre et d&rsquo;autres assaisonnements. Elle agr\u00e9mente les salades, les wraps et les rouleaux de printemps.<\/p>\n","protected":false},"excerpt":{"rendered":"<p>Cette sauce est compos\u00e9e d&rsquo;huile de s\u00e9same, de sauce soja, de vinaigre de riz, de sucre et d&rsquo;autres assaisonnements. Elle agr\u00e9mente les salades, les wraps et<span class=\"excerpt-hellip\"> [\u2026]<\/span><\/p>\n","protected":false},"featured_media":180482,"comment_status":"open","ping_status":"closed","template":"","meta":[],"product_cat":[36],"product_tag":[],"_links":{"self":[{"href":"https:\/\/www.laperlavalles.cat\/fr\/wp-json\/wp\/v2\/product\/180486"}],"collection":[{"href":"https:\/\/www.laperlavalles.cat\/fr\/wp-json\/wp\/v2\/product"}],"about":[{"href":"https:\/\/www.laperlavalles.cat\/fr\/wp-json\/wp\/v2\/types\/product"}],"replies":[{"embeddable":true,"href":"https:\/\/www.laperlavalles.cat\/fr\/wp-json\/wp\/v2\/comments?post=180486"}],"wp:featuredmedia":[{"embeddable":true,"href":"https:\/\/www.laperlavalles.cat\/fr\/wp-json\/wp\/v2\/media\/180482"}],"wp:attachment":[{"href":"https:\/\/www.laperlavalles.cat\/fr\/wp-json\/wp\/v2\/media?parent=180486"}],"wp:term":[{"taxonomy":"product_cat","embeddable":true,"href":"https:\/\/www.laperlavalles.cat\/fr\/wp-json\/wp\/v2\/product_cat?post=180486"},{"taxonomy":"product_tag","embeddable":true,"href":"https:\/\/www.laperlavalles.cat\/fr\/wp-json\/wp\/v2\/product_tag?post=180486"}],"curies":[{"name":"wp","href":"https:\/\/api.w.org\/{rel}","templated":true}]}}