{"id":180526,"date":"2024-12-18T09:50:30","date_gmt":"2024-12-18T08:50:42","guid":{"rendered":"https:\/\/www.laperlavalles.cat\/product\/feuilles-de-wackye-en-poudre-60g-abaramart\/"},"modified":"2025-02-18T13:20:39","modified_gmt":"2025-02-18T12:20:39","slug":"feuilles-de-wackye-en-poudre-60g-abaramart","status":"publish","type":"product","link":"https:\/\/www.laperlavalles.cat\/fr\/produit\/feuilles-de-wackye-en-poudre-60g-abaramart\/","title":{"rendered":"Feuilles de Wackye en poudre 60g Abaramart"},"content":{"rendered":"<p>Les feuilles de Wackye, \u00e9galement connues sous le nom de feuilles de Sida acuta, sont une plante m\u00e9dicinale utilis\u00e9e depuis des si\u00e8cles en Afrique de l&rsquo;Ouest pour traiter divers probl\u00e8mes de sant\u00e9. Elles sont riches en antioxydants et autres compos\u00e9s b\u00e9n\u00e9fiques, et on leur attribue des propri\u00e9t\u00e9s anti-inflammatoires, antibact\u00e9riennes et antivirales.<\/p>\n","protected":false},"excerpt":{"rendered":"<p>Les feuilles de Wackye, \u00e9galement connues sous le nom de feuilles de Sida acuta, sont une plante m\u00e9dicinale utilis\u00e9e depuis des si\u00e8cles en Afrique de l&rsquo;Ouest<span class=\"excerpt-hellip\"> [\u2026]<\/span><\/p>\n","protected":false},"featured_media":180504,"comment_status":"open","ping_status":"closed","template":"","meta":[],"product_cat":[8588],"product_tag":[],"_links":{"self":[{"href":"https:\/\/www.laperlavalles.cat\/fr\/wp-json\/wp\/v2\/product\/180526"}],"collection":[{"href":"https:\/\/www.laperlavalles.cat\/fr\/wp-json\/wp\/v2\/product"}],"about":[{"href":"https:\/\/www.laperlavalles.cat\/fr\/wp-json\/wp\/v2\/types\/product"}],"replies":[{"embeddable":true,"href":"https:\/\/www.laperlavalles.cat\/fr\/wp-json\/wp\/v2\/comments?post=180526"}],"wp:featuredmedia":[{"embeddable":true,"href":"https:\/\/www.laperlavalles.cat\/fr\/wp-json\/wp\/v2\/media\/180504"}],"wp:attachment":[{"href":"https:\/\/www.laperlavalles.cat\/fr\/wp-json\/wp\/v2\/media?parent=180526"}],"wp:term":[{"taxonomy":"product_cat","embeddable":true,"href":"https:\/\/www.laperlavalles.cat\/fr\/wp-json\/wp\/v2\/product_cat?post=180526"},{"taxonomy":"product_tag","embeddable":true,"href":"https:\/\/www.laperlavalles.cat\/fr\/wp-json\/wp\/v2\/product_tag?post=180526"}],"curies":[{"name":"wp","href":"https:\/\/api.w.org\/{rel}","templated":true}]}}