{"id":180661,"date":"2024-12-18T10:00:30","date_gmt":"2024-12-18T09:00:43","guid":{"rendered":"https:\/\/www.laperlavalles.cat\/product\/melange-de-banku-9-kg-plastique-king-africa\/"},"modified":"2025-07-02T15:01:09","modified_gmt":"2025-07-02T13:01:09","slug":"melange-de-banku-9-kg-plastique-king-africa","status":"publish","type":"product","link":"https:\/\/www.laperlavalles.cat\/fr\/produit\/melange-de-banku-9-kg-plastique-king-africa\/","title":{"rendered":"M\u00e9lange de Banku 9 kg (Plastique) (King Africa)"},"content":{"rendered":"<p>Le M\u00e9lange de Banku est un m\u00e9lange de farine de ma\u00efs et de riz, utilis\u00e9 pour pr\u00e9parer un plat typique du Ghana. Ce produit est pr\u00e9sent\u00e9 dans un emballage de 9 kg, id\u00e9al pour un usage domestique ou professionnel.<\/p>\n","protected":false},"excerpt":{"rendered":"<p>Le M\u00e9lange de Banku est un m\u00e9lange de farine de ma\u00efs et de riz, utilis\u00e9 pour pr\u00e9parer un plat typique du Ghana. Ce produit est pr\u00e9sent\u00e9<span class=\"excerpt-hellip\"> [\u2026]<\/span><\/p>\n","protected":false},"featured_media":180644,"comment_status":"open","ping_status":"closed","template":"","meta":[],"product_cat":[8589,8456],"product_tag":[],"_links":{"self":[{"href":"https:\/\/www.laperlavalles.cat\/fr\/wp-json\/wp\/v2\/product\/180661"}],"collection":[{"href":"https:\/\/www.laperlavalles.cat\/fr\/wp-json\/wp\/v2\/product"}],"about":[{"href":"https:\/\/www.laperlavalles.cat\/fr\/wp-json\/wp\/v2\/types\/product"}],"replies":[{"embeddable":true,"href":"https:\/\/www.laperlavalles.cat\/fr\/wp-json\/wp\/v2\/comments?post=180661"}],"wp:featuredmedia":[{"embeddable":true,"href":"https:\/\/www.laperlavalles.cat\/fr\/wp-json\/wp\/v2\/media\/180644"}],"wp:attachment":[{"href":"https:\/\/www.laperlavalles.cat\/fr\/wp-json\/wp\/v2\/media?parent=180661"}],"wp:term":[{"taxonomy":"product_cat","embeddable":true,"href":"https:\/\/www.laperlavalles.cat\/fr\/wp-json\/wp\/v2\/product_cat?post=180661"},{"taxonomy":"product_tag","embeddable":true,"href":"https:\/\/www.laperlavalles.cat\/fr\/wp-json\/wp\/v2\/product_tag?post=180661"}],"curies":[{"name":"wp","href":"https:\/\/api.w.org\/{rel}","templated":true}]}}