{"id":180751,"date":"2024-12-18T10:06:45","date_gmt":"2024-12-18T09:06:45","guid":{"rendered":"https:\/\/www.laperlavalles.cat\/product\/melange-de-banku-9-kg-plastique-king-africa-7\/"},"modified":"2024-12-18T10:06:45","modified_gmt":"2024-12-18T09:06:45","slug":"melange-de-banku-9-kg-plastique-king-africa-7","status":"publish","type":"product","link":"https:\/\/www.laperlavalles.cat\/fr\/produit\/melange-de-banku-9-kg-plastique-king-africa-7\/","title":{"rendered":"M\u00e9lange de Banku 9 kg (Plastique) (King Africa)"},"content":{"rendered":"<p>Le M\u00e9lange de Banku est un m\u00e9lange de farine de ma\u00efs et de riz, utilis\u00e9 pour pr\u00e9parer un plat typique du Ghana. Ce produit est pr\u00e9sent\u00e9 dans un emballage de 9 kg, id\u00e9al pour un usage domestique ou professionnel.<\/p>\n","protected":false},"excerpt":{"rendered":"<p>Le M\u00e9lange de Banku est un m\u00e9lange de farine de ma\u00efs et de riz, utilis\u00e9 pour pr\u00e9parer un plat typique du Ghana. Ce produit est pr\u00e9sent\u00e9<span class=\"excerpt-hellip\"> [\u2026]<\/span><\/p>\n","protected":false},"featured_media":180747,"comment_status":"open","ping_status":"closed","template":"","meta":[],"product_cat":[36],"product_tag":[],"_links":{"self":[{"href":"https:\/\/www.laperlavalles.cat\/fr\/wp-json\/wp\/v2\/product\/180751"}],"collection":[{"href":"https:\/\/www.laperlavalles.cat\/fr\/wp-json\/wp\/v2\/product"}],"about":[{"href":"https:\/\/www.laperlavalles.cat\/fr\/wp-json\/wp\/v2\/types\/product"}],"replies":[{"embeddable":true,"href":"https:\/\/www.laperlavalles.cat\/fr\/wp-json\/wp\/v2\/comments?post=180751"}],"wp:featuredmedia":[{"embeddable":true,"href":"https:\/\/www.laperlavalles.cat\/fr\/wp-json\/wp\/v2\/media\/180747"}],"wp:attachment":[{"href":"https:\/\/www.laperlavalles.cat\/fr\/wp-json\/wp\/v2\/media?parent=180751"}],"wp:term":[{"taxonomy":"product_cat","embeddable":true,"href":"https:\/\/www.laperlavalles.cat\/fr\/wp-json\/wp\/v2\/product_cat?post=180751"},{"taxonomy":"product_tag","embeddable":true,"href":"https:\/\/www.laperlavalles.cat\/fr\/wp-json\/wp\/v2\/product_tag?post=180751"}],"curies":[{"name":"wp","href":"https:\/\/api.w.org\/{rel}","templated":true}]}}