{"id":180866,"date":"2024-12-18T10:12:08","date_gmt":"2024-12-18T09:12:08","guid":{"rendered":"https:\/\/www.laperlavalles.cat\/product\/attieke-couscous-sec-et-deshydrate-500g-choco-3\/"},"modified":"2024-12-18T10:12:08","modified_gmt":"2024-12-18T09:12:08","slug":"attieke-couscous-sec-et-deshydrate-500g-choco-3","status":"publish","type":"product","link":"https:\/\/www.laperlavalles.cat\/fr\/produit\/attieke-couscous-sec-et-deshydrate-500g-choco-3\/","title":{"rendered":"Attieke \/ Couscous sec et d\u00e9shydrat\u00e9 500g Choco"},"content":{"rendered":"<p>Attieke s\u00e9ch\u00e9 et d\u00e9shydrat\u00e9 qui peut \u00eatre conserv\u00e9 pendant de longues p\u00e9riodes. <\/p>\n","protected":false},"excerpt":{"rendered":"<p>Attieke s\u00e9ch\u00e9 et d\u00e9shydrat\u00e9 qui peut \u00eatre conserv\u00e9 pendant de longues p\u00e9riodes.<\/p>\n","protected":false},"featured_media":180862,"comment_status":"open","ping_status":"closed","template":"","meta":[],"product_cat":[36],"product_tag":[],"_links":{"self":[{"href":"https:\/\/www.laperlavalles.cat\/fr\/wp-json\/wp\/v2\/product\/180866"}],"collection":[{"href":"https:\/\/www.laperlavalles.cat\/fr\/wp-json\/wp\/v2\/product"}],"about":[{"href":"https:\/\/www.laperlavalles.cat\/fr\/wp-json\/wp\/v2\/types\/product"}],"replies":[{"embeddable":true,"href":"https:\/\/www.laperlavalles.cat\/fr\/wp-json\/wp\/v2\/comments?post=180866"}],"wp:featuredmedia":[{"embeddable":true,"href":"https:\/\/www.laperlavalles.cat\/fr\/wp-json\/wp\/v2\/media\/180862"}],"wp:attachment":[{"href":"https:\/\/www.laperlavalles.cat\/fr\/wp-json\/wp\/v2\/media?parent=180866"}],"wp:term":[{"taxonomy":"product_cat","embeddable":true,"href":"https:\/\/www.laperlavalles.cat\/fr\/wp-json\/wp\/v2\/product_cat?post=180866"},{"taxonomy":"product_tag","embeddable":true,"href":"https:\/\/www.laperlavalles.cat\/fr\/wp-json\/wp\/v2\/product_tag?post=180866"}],"curies":[{"name":"wp","href":"https:\/\/api.w.org\/{rel}","templated":true}]}}