{"id":180991,"date":"2024-12-18T10:17:56","date_gmt":"2024-12-18T09:17:56","guid":{"rendered":"https:\/\/www.laperlavalles.cat\/product\/attieke-couscous-frais-sous-vide-200g-choco-3\/"},"modified":"2024-12-18T10:17:56","modified_gmt":"2024-12-18T09:17:56","slug":"attieke-couscous-frais-sous-vide-200g-choco-3","status":"publish","type":"product","link":"https:\/\/www.laperlavalles.cat\/fr\/produit\/attieke-couscous-frais-sous-vide-200g-choco-3\/","title":{"rendered":"Attieke \/ Couscous frais sous vide 200g Choco"},"content":{"rendered":"<p>Attieke frais sous vide Choco est un produit traditionnel \u00e0 base de manioc, pr\u00e9sent\u00e9 en format frais et sous vide pour pr\u00e9server sa qualit\u00e9. Id\u00e9al pour des plats rapides, des rago\u00fbts ou des salades<\/p>\n","protected":false},"excerpt":{"rendered":"<p>Attieke frais sous vide Choco est un produit traditionnel \u00e0 base de manioc, pr\u00e9sent\u00e9 en format frais et sous vide pour pr\u00e9server sa qualit\u00e9. Id\u00e9al pour<span class=\"excerpt-hellip\"> [\u2026]<\/span><\/p>\n","protected":false},"featured_media":180987,"comment_status":"open","ping_status":"closed","template":"","meta":[],"product_cat":[36],"product_tag":[],"_links":{"self":[{"href":"https:\/\/www.laperlavalles.cat\/fr\/wp-json\/wp\/v2\/product\/180991"}],"collection":[{"href":"https:\/\/www.laperlavalles.cat\/fr\/wp-json\/wp\/v2\/product"}],"about":[{"href":"https:\/\/www.laperlavalles.cat\/fr\/wp-json\/wp\/v2\/types\/product"}],"replies":[{"embeddable":true,"href":"https:\/\/www.laperlavalles.cat\/fr\/wp-json\/wp\/v2\/comments?post=180991"}],"wp:featuredmedia":[{"embeddable":true,"href":"https:\/\/www.laperlavalles.cat\/fr\/wp-json\/wp\/v2\/media\/180987"}],"wp:attachment":[{"href":"https:\/\/www.laperlavalles.cat\/fr\/wp-json\/wp\/v2\/media?parent=180991"}],"wp:term":[{"taxonomy":"product_cat","embeddable":true,"href":"https:\/\/www.laperlavalles.cat\/fr\/wp-json\/wp\/v2\/product_cat?post=180991"},{"taxonomy":"product_tag","embeddable":true,"href":"https:\/\/www.laperlavalles.cat\/fr\/wp-json\/wp\/v2\/product_tag?post=180991"}],"curies":[{"name":"wp","href":"https:\/\/api.w.org\/{rel}","templated":true}]}}