{"id":181176,"date":"2024-12-18T10:28:06","date_gmt":"2024-12-18T09:28:06","guid":{"rendered":"https:\/\/www.laperlavalles.cat\/product\/tamarin-frais-aigre-natcha-8\/"},"modified":"2024-12-18T10:28:06","modified_gmt":"2024-12-18T09:28:06","slug":"tamarin-frais-aigre-natcha-8","status":"publish","type":"product","link":"https:\/\/www.laperlavalles.cat\/fr\/produit\/tamarin-frais-aigre-natcha-8\/","title":{"rendered":"Tamarin Frais Aigre Natcha"},"content":{"rendered":"<p>Le Tamarind Frais Aigre est le fruit du tamarin dans son \u00e9tat naturel, avec une saveur caract\u00e9ristique acide et l\u00e9g\u00e8rement sucr\u00e9e. Ce tamarin frais est parfait pour pr\u00e9parer des sauces, des jus, ou l&rsquo;ajouter \u00e0 des plats traditionnels tels que les currys ou les salades. Il peut \u00e9galement \u00eatre utilis\u00e9 pour la pr\u00e9paration de desserts et de boissons pour apporter une touche exotique et rafra\u00eechissante.<\/p>\n","protected":false},"excerpt":{"rendered":"<p>Le Tamarind Frais Aigre est le fruit du tamarin dans son \u00e9tat naturel, avec une saveur caract\u00e9ristique acide et l\u00e9g\u00e8rement sucr\u00e9e. Ce tamarin frais est parfait<span class=\"excerpt-hellip\"> [\u2026]<\/span><\/p>\n","protected":false},"featured_media":181172,"comment_status":"open","ping_status":"closed","template":"","meta":[],"product_cat":[8581,8449],"product_tag":[],"_links":{"self":[{"href":"https:\/\/www.laperlavalles.cat\/fr\/wp-json\/wp\/v2\/product\/181176"}],"collection":[{"href":"https:\/\/www.laperlavalles.cat\/fr\/wp-json\/wp\/v2\/product"}],"about":[{"href":"https:\/\/www.laperlavalles.cat\/fr\/wp-json\/wp\/v2\/types\/product"}],"replies":[{"embeddable":true,"href":"https:\/\/www.laperlavalles.cat\/fr\/wp-json\/wp\/v2\/comments?post=181176"}],"wp:featuredmedia":[{"embeddable":true,"href":"https:\/\/www.laperlavalles.cat\/fr\/wp-json\/wp\/v2\/media\/181172"}],"wp:attachment":[{"href":"https:\/\/www.laperlavalles.cat\/fr\/wp-json\/wp\/v2\/media?parent=181176"}],"wp:term":[{"taxonomy":"product_cat","embeddable":true,"href":"https:\/\/www.laperlavalles.cat\/fr\/wp-json\/wp\/v2\/product_cat?post=181176"},{"taxonomy":"product_tag","embeddable":true,"href":"https:\/\/www.laperlavalles.cat\/fr\/wp-json\/wp\/v2\/product_tag?post=181176"}],"curies":[{"name":"wp","href":"https:\/\/api.w.org\/{rel}","templated":true}]}}