{"id":181244,"date":"2025-02-28T07:51:59","date_gmt":"2025-02-28T06:51:59","guid":{"rendered":"https:\/\/www.laperlavalles.cat\/product\/bonbon-a-macher-au-gout-de-tamarin-et-de-prune-natcha-2\/"},"modified":"2025-02-28T07:51:59","modified_gmt":"2025-02-28T06:51:59","slug":"bonbon-a-macher-au-gout-de-tamarin-et-de-prune-natcha-2","status":"publish","type":"product","link":"https:\/\/www.laperlavalles.cat\/fr\/produit\/bonbon-a-macher-au-gout-de-tamarin-et-de-prune-natcha-2\/","title":{"rendered":"Bonbon \u00e0 m\u00e2cher au go\u00fbt de tamarin et de prune Natcha"},"content":{"rendered":"<p>Chewy Tamarind Plum Flavor est un bonbon \u00e0 m\u00e2cher aromatis\u00e9 au tamarin et \u00e0 la prune. C&rsquo;est un produit populaire en Tha\u00eflande et dans d&rsquo;autres pays d&rsquo;Asie du Sud-Est. Il est fabriqu\u00e9 avec de la vraie pulpe de tamarin, des prunes et du sucre, et a un go\u00fbt aigre-doux.<\/p>\n","protected":false},"excerpt":{"rendered":"<p>Chewy Tamarind Plum Flavor est un bonbon \u00e0 m\u00e2cher aromatis\u00e9 au tamarin et \u00e0 la prune. C&rsquo;est un produit populaire en Tha\u00eflande et dans d&rsquo;autres pays<span class=\"excerpt-hellip\"> [\u2026]<\/span><\/p>\n","protected":false},"featured_media":181240,"comment_status":"open","ping_status":"closed","template":"","meta":[],"product_cat":[11774,8586],"product_tag":[],"_links":{"self":[{"href":"https:\/\/www.laperlavalles.cat\/fr\/wp-json\/wp\/v2\/product\/181244"}],"collection":[{"href":"https:\/\/www.laperlavalles.cat\/fr\/wp-json\/wp\/v2\/product"}],"about":[{"href":"https:\/\/www.laperlavalles.cat\/fr\/wp-json\/wp\/v2\/types\/product"}],"replies":[{"embeddable":true,"href":"https:\/\/www.laperlavalles.cat\/fr\/wp-json\/wp\/v2\/comments?post=181244"}],"wp:featuredmedia":[{"embeddable":true,"href":"https:\/\/www.laperlavalles.cat\/fr\/wp-json\/wp\/v2\/media\/181240"}],"wp:attachment":[{"href":"https:\/\/www.laperlavalles.cat\/fr\/wp-json\/wp\/v2\/media?parent=181244"}],"wp:term":[{"taxonomy":"product_cat","embeddable":true,"href":"https:\/\/www.laperlavalles.cat\/fr\/wp-json\/wp\/v2\/product_cat?post=181244"},{"taxonomy":"product_tag","embeddable":true,"href":"https:\/\/www.laperlavalles.cat\/fr\/wp-json\/wp\/v2\/product_tag?post=181244"}],"curies":[{"name":"wp","href":"https:\/\/api.w.org\/{rel}","templated":true}]}}