{"id":181354,"date":"2025-02-28T07:59:51","date_gmt":"2025-02-28T07:00:09","guid":{"rendered":"https:\/\/www.laperlavalles.cat\/product\/bonbon-a-macher-epice-au-gout-de-tamarin-natcha\/"},"modified":"2025-03-03T13:41:01","modified_gmt":"2025-03-03T12:41:01","slug":"bonbon-a-macher-epice-au-gout-de-tamarin-natcha","status":"publish","type":"product","link":"https:\/\/www.laperlavalles.cat\/fr\/produit\/bonbon-a-macher-epice-au-gout-de-tamarin-natcha\/","title":{"rendered":"Bonbon \u00e0 m\u00e2cher \u00e9pic\u00e9 au go\u00fbt de tamarin Natcha"},"content":{"rendered":"<p>Chewy Tamarind Spicy Flavor est un bonbon \u00e0 m\u00e2cher au go\u00fbt de tamarin \u00e9pic\u00e9. C&rsquo;est un produit populaire en Tha\u00eflande et dans d&rsquo;autres pays d&rsquo;Asie du Sud-Est. Il est fabriqu\u00e9 avec de la vraie pulpe de tamarin, du piment et du sucre, et a un go\u00fbt aigre-doux \u00e9pic\u00e9.<\/p>\n","protected":false},"excerpt":{"rendered":"<p>Chewy Tamarind Spicy Flavor est un bonbon \u00e0 m\u00e2cher au go\u00fbt de tamarin \u00e9pic\u00e9. C&rsquo;est un produit populaire en Tha\u00eflande et dans d&rsquo;autres pays d&rsquo;Asie du<span class=\"excerpt-hellip\"> [\u2026]<\/span><\/p>\n","protected":false},"featured_media":181337,"comment_status":"open","ping_status":"closed","template":"","meta":[],"product_cat":[10613,8586],"product_tag":[],"_links":{"self":[{"href":"https:\/\/www.laperlavalles.cat\/fr\/wp-json\/wp\/v2\/product\/181354"}],"collection":[{"href":"https:\/\/www.laperlavalles.cat\/fr\/wp-json\/wp\/v2\/product"}],"about":[{"href":"https:\/\/www.laperlavalles.cat\/fr\/wp-json\/wp\/v2\/types\/product"}],"replies":[{"embeddable":true,"href":"https:\/\/www.laperlavalles.cat\/fr\/wp-json\/wp\/v2\/comments?post=181354"}],"wp:featuredmedia":[{"embeddable":true,"href":"https:\/\/www.laperlavalles.cat\/fr\/wp-json\/wp\/v2\/media\/181337"}],"wp:attachment":[{"href":"https:\/\/www.laperlavalles.cat\/fr\/wp-json\/wp\/v2\/media?parent=181354"}],"wp:term":[{"taxonomy":"product_cat","embeddable":true,"href":"https:\/\/www.laperlavalles.cat\/fr\/wp-json\/wp\/v2\/product_cat?post=181354"},{"taxonomy":"product_tag","embeddable":true,"href":"https:\/\/www.laperlavalles.cat\/fr\/wp-json\/wp\/v2\/product_tag?post=181354"}],"curies":[{"name":"wp","href":"https:\/\/api.w.org\/{rel}","templated":true}]}}