{"id":181389,"date":"2025-02-28T08:01:59","date_gmt":"2025-02-28T07:01:59","guid":{"rendered":"https:\/\/www.laperlavalles.cat\/product\/bonbon-moelleux-au-tamarin-et-aux-prunes-fabrique-avec-de-la-pulpe-de-tamarin-natcha-2\/"},"modified":"2025-02-28T08:01:59","modified_gmt":"2025-02-28T07:01:59","slug":"bonbon-moelleux-au-tamarin-et-aux-prunes-fabrique-avec-de-la-pulpe-de-tamarin-natcha-2","status":"publish","type":"product","link":"https:\/\/www.laperlavalles.cat\/fr\/produit\/bonbon-moelleux-au-tamarin-et-aux-prunes-fabrique-avec-de-la-pulpe-de-tamarin-natcha-2\/","title":{"rendered":"Bonbon moelleux au tamarin et aux prunes, fabriqu\u00e9 avec de la pulpe de tamarin Natcha"},"content":{"rendered":"<p>La boule de tamarin \u00e0 la prune est un bonbon \u00e0 m\u00e2cher \u00e0 base de pulpe de tamarin. Il s&rsquo;agit d&rsquo;un produit populaire en Tha\u00eflande et dans d&rsquo;autres pays d&rsquo;Asie du Sud-Est. Elle a un go\u00fbt aigre-doux avec une touche fruit\u00e9e de prune qui la rend \u00e0 la fois rafra\u00eechissante et d\u00e9licieuse.<\/p>\n","protected":false},"excerpt":{"rendered":"<p>La boule de tamarin \u00e0 la prune est un bonbon \u00e0 m\u00e2cher \u00e0 base de pulpe de tamarin. Il s&rsquo;agit d&rsquo;un produit populaire en Tha\u00eflande et<span class=\"excerpt-hellip\"> [\u2026]<\/span><\/p>\n","protected":false},"featured_media":181385,"comment_status":"open","ping_status":"closed","template":"","meta":[],"product_cat":[11774,8586],"product_tag":[],"_links":{"self":[{"href":"https:\/\/www.laperlavalles.cat\/fr\/wp-json\/wp\/v2\/product\/181389"}],"collection":[{"href":"https:\/\/www.laperlavalles.cat\/fr\/wp-json\/wp\/v2\/product"}],"about":[{"href":"https:\/\/www.laperlavalles.cat\/fr\/wp-json\/wp\/v2\/types\/product"}],"replies":[{"embeddable":true,"href":"https:\/\/www.laperlavalles.cat\/fr\/wp-json\/wp\/v2\/comments?post=181389"}],"wp:featuredmedia":[{"embeddable":true,"href":"https:\/\/www.laperlavalles.cat\/fr\/wp-json\/wp\/v2\/media\/181385"}],"wp:attachment":[{"href":"https:\/\/www.laperlavalles.cat\/fr\/wp-json\/wp\/v2\/media?parent=181389"}],"wp:term":[{"taxonomy":"product_cat","embeddable":true,"href":"https:\/\/www.laperlavalles.cat\/fr\/wp-json\/wp\/v2\/product_cat?post=181389"},{"taxonomy":"product_tag","embeddable":true,"href":"https:\/\/www.laperlavalles.cat\/fr\/wp-json\/wp\/v2\/product_tag?post=181389"}],"curies":[{"name":"wp","href":"https:\/\/api.w.org\/{rel}","templated":true}]}}