{"id":181499,"date":"2025-02-28T08:10:37","date_gmt":"2025-02-28T07:10:54","guid":{"rendered":"https:\/\/www.laperlavalles.cat\/product\/chewy-tamarind-candy-with-plum-made-with-tamarind-pulp-and-natcha-plum\/"},"modified":"2025-03-03T13:50:53","modified_gmt":"2025-03-03T12:50:53","slug":"chewy-tamarind-candy-with-plum-made-with-tamarind-pulp-and-natcha-plum","status":"publish","type":"product","link":"https:\/\/www.laperlavalles.cat\/fr\/produit\/chewy-tamarind-candy-with-plum-made-with-tamarind-pulp-and-natcha-plum\/","title":{"rendered":"Chewy tamarind candy with plum, made with tamarind pulp and Natcha plum."},"content":{"rendered":"<p>Le Tamarind Ball Plum est un bonbon moelleux au tamarin avec prune. C&rsquo;est un produit populaire en Tha\u00eflande et dans d&rsquo;autres pays d&rsquo;Asie du Sud-Est. Il a une saveur aigre-douce avec une touche fruit\u00e9e de prune, ce qui le rend \u00e0 la fois rafra\u00eechissant et d\u00e9licieux.<\/p>\n","protected":false},"excerpt":{"rendered":"<p>Le Tamarind Ball Plum est un bonbon moelleux au tamarin avec prune. C&rsquo;est un produit populaire en Tha\u00eflande et dans d&rsquo;autres pays d&rsquo;Asie du Sud-Est. Il<span class=\"excerpt-hellip\"> [\u2026]<\/span><\/p>\n","protected":false},"featured_media":181482,"comment_status":"open","ping_status":"closed","template":"","meta":[],"product_cat":[10613,8586],"product_tag":[],"_links":{"self":[{"href":"https:\/\/www.laperlavalles.cat\/fr\/wp-json\/wp\/v2\/product\/181499"}],"collection":[{"href":"https:\/\/www.laperlavalles.cat\/fr\/wp-json\/wp\/v2\/product"}],"about":[{"href":"https:\/\/www.laperlavalles.cat\/fr\/wp-json\/wp\/v2\/types\/product"}],"replies":[{"embeddable":true,"href":"https:\/\/www.laperlavalles.cat\/fr\/wp-json\/wp\/v2\/comments?post=181499"}],"wp:featuredmedia":[{"embeddable":true,"href":"https:\/\/www.laperlavalles.cat\/fr\/wp-json\/wp\/v2\/media\/181482"}],"wp:attachment":[{"href":"https:\/\/www.laperlavalles.cat\/fr\/wp-json\/wp\/v2\/media?parent=181499"}],"wp:term":[{"taxonomy":"product_cat","embeddable":true,"href":"https:\/\/www.laperlavalles.cat\/fr\/wp-json\/wp\/v2\/product_cat?post=181499"},{"taxonomy":"product_tag","embeddable":true,"href":"https:\/\/www.laperlavalles.cat\/fr\/wp-json\/wp\/v2\/product_tag?post=181499"}],"curies":[{"name":"wp","href":"https:\/\/api.w.org\/{rel}","templated":true}]}}