{"id":181589,"date":"2025-02-28T08:17:04","date_gmt":"2025-02-28T07:17:04","guid":{"rendered":"https:\/\/www.laperlavalles.cat\/product\/chewy-tamarind-candy-with-plum-made-with-tamarind-pulp-and-natcha-plum-7\/"},"modified":"2025-02-28T08:17:04","modified_gmt":"2025-02-28T07:17:04","slug":"chewy-tamarind-candy-with-plum-made-with-tamarind-pulp-and-natcha-plum-7","status":"publish","type":"product","link":"https:\/\/www.laperlavalles.cat\/fr\/produit\/chewy-tamarind-candy-with-plum-made-with-tamarind-pulp-and-natcha-plum-7\/","title":{"rendered":"Chewy tamarind candy with plum, made with tamarind pulp and Natcha plum."},"content":{"rendered":"<p>Le Tamarind Ball Plum est un bonbon moelleux au tamarin avec prune. C&rsquo;est un produit populaire en Tha\u00eflande et dans d&rsquo;autres pays d&rsquo;Asie du Sud-Est. Il a une saveur aigre-douce avec une touche fruit\u00e9e de prune, ce qui le rend \u00e0 la fois rafra\u00eechissant et d\u00e9licieux.<\/p>\n","protected":false},"excerpt":{"rendered":"<p>Le Tamarind Ball Plum est un bonbon moelleux au tamarin avec prune. C&rsquo;est un produit populaire en Tha\u00eflande et dans d&rsquo;autres pays d&rsquo;Asie du Sud-Est. Il<span class=\"excerpt-hellip\"> [\u2026]<\/span><\/p>\n","protected":false},"featured_media":181585,"comment_status":"open","ping_status":"closed","template":"","meta":[],"product_cat":[11774,8586],"product_tag":[],"_links":{"self":[{"href":"https:\/\/www.laperlavalles.cat\/fr\/wp-json\/wp\/v2\/product\/181589"}],"collection":[{"href":"https:\/\/www.laperlavalles.cat\/fr\/wp-json\/wp\/v2\/product"}],"about":[{"href":"https:\/\/www.laperlavalles.cat\/fr\/wp-json\/wp\/v2\/types\/product"}],"replies":[{"embeddable":true,"href":"https:\/\/www.laperlavalles.cat\/fr\/wp-json\/wp\/v2\/comments?post=181589"}],"wp:featuredmedia":[{"embeddable":true,"href":"https:\/\/www.laperlavalles.cat\/fr\/wp-json\/wp\/v2\/media\/181585"}],"wp:attachment":[{"href":"https:\/\/www.laperlavalles.cat\/fr\/wp-json\/wp\/v2\/media?parent=181589"}],"wp:term":[{"taxonomy":"product_cat","embeddable":true,"href":"https:\/\/www.laperlavalles.cat\/fr\/wp-json\/wp\/v2\/product_cat?post=181589"},{"taxonomy":"product_tag","embeddable":true,"href":"https:\/\/www.laperlavalles.cat\/fr\/wp-json\/wp\/v2\/product_tag?post=181589"}],"curies":[{"name":"wp","href":"https:\/\/api.w.org\/{rel}","templated":true}]}}