{"id":181679,"date":"2025-02-28T08:21:55","date_gmt":"2025-02-28T07:21:55","guid":{"rendered":"https:\/\/www.laperlavalles.cat\/product\/bonbon-moelleux-au-tamarin-epice-fait-avec-de-la-pulpe-de-tamarin-et-du-piment-natcha-2\/"},"modified":"2025-02-28T08:21:55","modified_gmt":"2025-02-28T07:21:55","slug":"bonbon-moelleux-au-tamarin-epice-fait-avec-de-la-pulpe-de-tamarin-et-du-piment-natcha-2","status":"publish","type":"product","link":"https:\/\/www.laperlavalles.cat\/fr\/produit\/bonbon-moelleux-au-tamarin-epice-fait-avec-de-la-pulpe-de-tamarin-et-du-piment-natcha-2\/","title":{"rendered":"Bonbon moelleux au tamarin \u00e9pic\u00e9 fait avec de la pulpe de tamarin et du piment Natcha."},"content":{"rendered":"<p>Le Tamarind Ball Spicy est un bonbon moelleux au tamarin \u00e9pic\u00e9 fait avec de la pulpe de tamarin et du piment. C&rsquo;est un produit populaire en Tha\u00eflande et dans d&rsquo;autres pays d&rsquo;Asie du Sud-Est. Il a une saveur aigre-douce avec une touche \u00e9pic\u00e9e qui le rend \u00e0 la fois rafra\u00eechissant et d\u00e9licieux.<\/p>\n","protected":false},"excerpt":{"rendered":"<p>Le Tamarind Ball Spicy est un bonbon moelleux au tamarin \u00e9pic\u00e9 fait avec de la pulpe de tamarin et du piment. C&rsquo;est un produit populaire en<span class=\"excerpt-hellip\"> [\u2026]<\/span><\/p>\n","protected":false},"featured_media":181675,"comment_status":"open","ping_status":"closed","template":"","meta":[],"product_cat":[11774,8586],"product_tag":[],"_links":{"self":[{"href":"https:\/\/www.laperlavalles.cat\/fr\/wp-json\/wp\/v2\/product\/181679"}],"collection":[{"href":"https:\/\/www.laperlavalles.cat\/fr\/wp-json\/wp\/v2\/product"}],"about":[{"href":"https:\/\/www.laperlavalles.cat\/fr\/wp-json\/wp\/v2\/types\/product"}],"replies":[{"embeddable":true,"href":"https:\/\/www.laperlavalles.cat\/fr\/wp-json\/wp\/v2\/comments?post=181679"}],"wp:featuredmedia":[{"embeddable":true,"href":"https:\/\/www.laperlavalles.cat\/fr\/wp-json\/wp\/v2\/media\/181675"}],"wp:attachment":[{"href":"https:\/\/www.laperlavalles.cat\/fr\/wp-json\/wp\/v2\/media?parent=181679"}],"wp:term":[{"taxonomy":"product_cat","embeddable":true,"href":"https:\/\/www.laperlavalles.cat\/fr\/wp-json\/wp\/v2\/product_cat?post=181679"},{"taxonomy":"product_tag","embeddable":true,"href":"https:\/\/www.laperlavalles.cat\/fr\/wp-json\/wp\/v2\/product_tag?post=181679"}],"curies":[{"name":"wp","href":"https:\/\/api.w.org\/{rel}","templated":true}]}}