{"id":181969,"date":"2025-02-28T09:00:37","date_gmt":"2025-02-28T08:00:54","guid":{"rendered":"https:\/\/www.laperlavalles.cat\/product\/boisson-au-jus-de-coco-avec-nata-de-coco-coco-queen-320ml\/"},"modified":"2025-02-28T09:35:30","modified_gmt":"2025-02-28T08:35:30","slug":"boisson-au-jus-de-coco-avec-nata-de-coco-coco-queen-320ml","status":"publish","type":"product","link":"https:\/\/www.laperlavalles.cat\/fr\/produit\/boisson-au-jus-de-coco-avec-nata-de-coco-coco-queen-320ml\/","title":{"rendered":"BOISSON AU JUS DE COCO AVEC NATA DE COCO COCO QUEEN 320ML"},"content":{"rendered":"<p>Coco Queen est une boisson compos\u00e9e d&rsquo;eau, de jus de fruits et de cr\u00e8me de coco. La cr\u00e8me de coco est produite par la fermentation de l&rsquo;eau de coco, formant de petits cubes de jus de coco qui lui donnent un aspect g\u00e9latineux et translucide. Parfait pour se rafra\u00eechir et se r\u00e9galer!<\/p>\n","protected":false},"excerpt":{"rendered":"<p>Coco Queen est une boisson compos\u00e9e d&rsquo;eau, de jus de fruits et de cr\u00e8me de coco. La cr\u00e8me de coco est produite par la fermentation de<span class=\"excerpt-hellip\"> [\u2026]<\/span><\/p>\n","protected":false},"featured_media":181952,"comment_status":"open","ping_status":"closed","template":"","meta":[],"product_cat":[8445,8603],"product_tag":[],"_links":{"self":[{"href":"https:\/\/www.laperlavalles.cat\/fr\/wp-json\/wp\/v2\/product\/181969"}],"collection":[{"href":"https:\/\/www.laperlavalles.cat\/fr\/wp-json\/wp\/v2\/product"}],"about":[{"href":"https:\/\/www.laperlavalles.cat\/fr\/wp-json\/wp\/v2\/types\/product"}],"replies":[{"embeddable":true,"href":"https:\/\/www.laperlavalles.cat\/fr\/wp-json\/wp\/v2\/comments?post=181969"}],"wp:featuredmedia":[{"embeddable":true,"href":"https:\/\/www.laperlavalles.cat\/fr\/wp-json\/wp\/v2\/media\/181952"}],"wp:attachment":[{"href":"https:\/\/www.laperlavalles.cat\/fr\/wp-json\/wp\/v2\/media?parent=181969"}],"wp:term":[{"taxonomy":"product_cat","embeddable":true,"href":"https:\/\/www.laperlavalles.cat\/fr\/wp-json\/wp\/v2\/product_cat?post=181969"},{"taxonomy":"product_tag","embeddable":true,"href":"https:\/\/www.laperlavalles.cat\/fr\/wp-json\/wp\/v2\/product_tag?post=181969"}],"curies":[{"name":"wp","href":"https:\/\/api.w.org\/{rel}","templated":true}]}}