{"id":182004,"date":"2025-02-28T09:03:46","date_gmt":"2025-02-28T08:03:46","guid":{"rendered":"https:\/\/www.laperlavalles.cat\/product\/jus-de-citron-vert-limasol-1l-2\/"},"modified":"2025-02-28T09:03:46","modified_gmt":"2025-02-28T08:03:46","slug":"jus-de-citron-vert-limasol-1l-2","status":"publish","type":"product","link":"https:\/\/www.laperlavalles.cat\/fr\/produit\/jus-de-citron-vert-limasol-1l-2\/","title":{"rendered":"JUS DE CITRON VERT LIMASOL 1L"},"content":{"rendered":"<p>Le jus de citron vert Limasol est un jus naturel obtenu \u00e0 partir de la premi\u00e8re extraction \u00e0 froid du citron vert. C&rsquo;est un jus de citron vert 100% naturel pour la pr\u00e9paration culinaire. La Perla distribue toutes sortes de sauces pour les supermarch\u00e9s, magasins, grossistes, restaurants et distributeurs du canal horeca&#8230;<\/p>\n","protected":false},"excerpt":{"rendered":"<p>Le jus de citron vert Limasol est un jus naturel obtenu \u00e0 partir de la premi\u00e8re extraction \u00e0 froid du citron vert. C&rsquo;est un jus de<span class=\"excerpt-hellip\"> [\u2026]<\/span><\/p>\n","protected":false},"featured_media":182000,"comment_status":"open","ping_status":"closed","template":"","meta":[],"product_cat":[36],"product_tag":[],"_links":{"self":[{"href":"https:\/\/www.laperlavalles.cat\/fr\/wp-json\/wp\/v2\/product\/182004"}],"collection":[{"href":"https:\/\/www.laperlavalles.cat\/fr\/wp-json\/wp\/v2\/product"}],"about":[{"href":"https:\/\/www.laperlavalles.cat\/fr\/wp-json\/wp\/v2\/types\/product"}],"replies":[{"embeddable":true,"href":"https:\/\/www.laperlavalles.cat\/fr\/wp-json\/wp\/v2\/comments?post=182004"}],"wp:featuredmedia":[{"embeddable":true,"href":"https:\/\/www.laperlavalles.cat\/fr\/wp-json\/wp\/v2\/media\/182000"}],"wp:attachment":[{"href":"https:\/\/www.laperlavalles.cat\/fr\/wp-json\/wp\/v2\/media?parent=182004"}],"wp:term":[{"taxonomy":"product_cat","embeddable":true,"href":"https:\/\/www.laperlavalles.cat\/fr\/wp-json\/wp\/v2\/product_cat?post=182004"},{"taxonomy":"product_tag","embeddable":true,"href":"https:\/\/www.laperlavalles.cat\/fr\/wp-json\/wp\/v2\/product_tag?post=182004"}],"curies":[{"name":"wp","href":"https:\/\/api.w.org\/{rel}","templated":true}]}}