{"id":182099,"date":"2025-02-28T09:20:37","date_gmt":"2025-02-28T08:20:55","guid":{"rendered":"https:\/\/www.laperlavalles.cat\/product\/mayonnaise-bama-473ml\/"},"modified":"2025-06-09T15:22:47","modified_gmt":"2025-06-09T13:22:47","slug":"mayonnaise-bama-473ml","status":"publish","type":"product","link":"https:\/\/www.laperlavalles.cat\/fr\/produit\/mayonnaise-bama-473ml\/","title":{"rendered":"MAYONNAISE BAMA 473ML"},"content":{"rendered":"<p>La mayonnaise Bama est une marque de mayonnaise populaire dans le sud des \u00c9tats-Unis. Elle est compos\u00e9e d&rsquo;huile de soja, d&rsquo;\u0153ufs, de vinaigre, de sel et d&rsquo;\u00e9pices. La Bama est connue pour son go\u00fbt riche et cr\u00e9meux et est souvent utilis\u00e9e dans les sandwichs, les salades et d&rsquo;autres plats.<\/p>\n","protected":false},"excerpt":{"rendered":"<p>La mayonnaise Bama est une marque de mayonnaise populaire dans le sud des \u00c9tats-Unis. Elle est compos\u00e9e d&rsquo;huile de soja, d&rsquo;\u0153ufs, de vinaigre, de sel et<span class=\"excerpt-hellip\"> [\u2026]<\/span><\/p>\n","protected":false},"featured_media":182082,"comment_status":"open","ping_status":"closed","template":"","meta":[],"product_cat":[10616],"product_tag":[],"_links":{"self":[{"href":"https:\/\/www.laperlavalles.cat\/fr\/wp-json\/wp\/v2\/product\/182099"}],"collection":[{"href":"https:\/\/www.laperlavalles.cat\/fr\/wp-json\/wp\/v2\/product"}],"about":[{"href":"https:\/\/www.laperlavalles.cat\/fr\/wp-json\/wp\/v2\/types\/product"}],"replies":[{"embeddable":true,"href":"https:\/\/www.laperlavalles.cat\/fr\/wp-json\/wp\/v2\/comments?post=182099"}],"wp:featuredmedia":[{"embeddable":true,"href":"https:\/\/www.laperlavalles.cat\/fr\/wp-json\/wp\/v2\/media\/182082"}],"wp:attachment":[{"href":"https:\/\/www.laperlavalles.cat\/fr\/wp-json\/wp\/v2\/media?parent=182099"}],"wp:term":[{"taxonomy":"product_cat","embeddable":true,"href":"https:\/\/www.laperlavalles.cat\/fr\/wp-json\/wp\/v2\/product_cat?post=182099"},{"taxonomy":"product_tag","embeddable":true,"href":"https:\/\/www.laperlavalles.cat\/fr\/wp-json\/wp\/v2\/product_tag?post=182099"}],"curies":[{"name":"wp","href":"https:\/\/api.w.org\/{rel}","templated":true}]}}