{"id":182119,"date":"2025-02-28T09:30:37","date_gmt":"2025-02-28T08:30:55","guid":{"rendered":"https:\/\/www.laperlavalles.cat\/product\/panga-en-tranches-4kg\/"},"modified":"2025-07-03T12:12:12","modified_gmt":"2025-07-03T10:12:12","slug":"panga-en-tranches-4kg","status":"publish","type":"product","link":"https:\/\/www.laperlavalles.cat\/fr\/produit\/panga-en-tranches-4kg\/","title":{"rendered":"Panga en tranches 4kg"},"content":{"rendered":"<p>(Pangasius) Poisson d&rsquo;eau douce \u00e0 la chair tendre et au go\u00fbt doux. Il se pr\u00e9sente en sachet pour faciliter sa conservation et sa manipulation. Id\u00e9al pour la cuisson au four, \u00e0 la po\u00eale ou dans des rago\u00fbts.<\/p>\n","protected":false},"excerpt":{"rendered":"<p>(Pangasius) Poisson d&rsquo;eau douce \u00e0 la chair tendre et au go\u00fbt doux. Il se pr\u00e9sente en sachet pour faciliter sa conservation et sa manipulation. Id\u00e9al pour<span class=\"excerpt-hellip\"> [\u2026]<\/span><\/p>\n","protected":false},"featured_media":182102,"comment_status":"open","ping_status":"closed","template":"","meta":[],"product_cat":[8459,8610],"product_tag":[],"_links":{"self":[{"href":"https:\/\/www.laperlavalles.cat\/fr\/wp-json\/wp\/v2\/product\/182119"}],"collection":[{"href":"https:\/\/www.laperlavalles.cat\/fr\/wp-json\/wp\/v2\/product"}],"about":[{"href":"https:\/\/www.laperlavalles.cat\/fr\/wp-json\/wp\/v2\/types\/product"}],"replies":[{"embeddable":true,"href":"https:\/\/www.laperlavalles.cat\/fr\/wp-json\/wp\/v2\/comments?post=182119"}],"wp:featuredmedia":[{"embeddable":true,"href":"https:\/\/www.laperlavalles.cat\/fr\/wp-json\/wp\/v2\/media\/182102"}],"wp:attachment":[{"href":"https:\/\/www.laperlavalles.cat\/fr\/wp-json\/wp\/v2\/media?parent=182119"}],"wp:term":[{"taxonomy":"product_cat","embeddable":true,"href":"https:\/\/www.laperlavalles.cat\/fr\/wp-json\/wp\/v2\/product_cat?post=182119"},{"taxonomy":"product_tag","embeddable":true,"href":"https:\/\/www.laperlavalles.cat\/fr\/wp-json\/wp\/v2\/product_tag?post=182119"}],"curies":[{"name":"wp","href":"https:\/\/api.w.org\/{rel}","templated":true}]}}