{"id":182139,"date":"2025-02-28T09:31:52","date_gmt":"2025-02-28T08:32:09","guid":{"rendered":"https:\/\/www.laperlavalles.cat\/product\/tilapia-noir-en-filet\/"},"modified":"2025-06-05T13:42:06","modified_gmt":"2025-06-05T11:42:06","slug":"tilapia-noir-en-filet","status":"publish","type":"product","link":"https:\/\/www.laperlavalles.cat\/fr\/produit\/tilapia-noir-en-filet\/","title":{"rendered":"Tilapia noir en filet"},"content":{"rendered":"<p>Un type de poisson d&rsquo;eau douce originaire d&rsquo;Afrique. Il s&rsquo;agit d&rsquo;un poisson blanc populaire, connu pour son go\u00fbt doux et sa texture ferme. Le tilapia noir est une bonne source de prot\u00e9ines et pauvre en mati\u00e8res grasses, ce qui en fait un choix sain pour les personnes \u00e0 la recherche d&rsquo;un repas l\u00e9ger et nutritif.<\/p>\n","protected":false},"excerpt":{"rendered":"<p>Un type de poisson d&rsquo;eau douce originaire d&rsquo;Afrique. Il s&rsquo;agit d&rsquo;un poisson blanc populaire, connu pour son go\u00fbt doux et sa texture ferme. Le tilapia noir<span class=\"excerpt-hellip\"> [\u2026]<\/span><\/p>\n","protected":false},"featured_media":182122,"comment_status":"open","ping_status":"closed","template":"","meta":[],"product_cat":[8459,8610],"product_tag":[],"_links":{"self":[{"href":"https:\/\/www.laperlavalles.cat\/fr\/wp-json\/wp\/v2\/product\/182139"}],"collection":[{"href":"https:\/\/www.laperlavalles.cat\/fr\/wp-json\/wp\/v2\/product"}],"about":[{"href":"https:\/\/www.laperlavalles.cat\/fr\/wp-json\/wp\/v2\/types\/product"}],"replies":[{"embeddable":true,"href":"https:\/\/www.laperlavalles.cat\/fr\/wp-json\/wp\/v2\/comments?post=182139"}],"wp:featuredmedia":[{"embeddable":true,"href":"https:\/\/www.laperlavalles.cat\/fr\/wp-json\/wp\/v2\/media\/182122"}],"wp:attachment":[{"href":"https:\/\/www.laperlavalles.cat\/fr\/wp-json\/wp\/v2\/media?parent=182139"}],"wp:term":[{"taxonomy":"product_cat","embeddable":true,"href":"https:\/\/www.laperlavalles.cat\/fr\/wp-json\/wp\/v2\/product_cat?post=182139"},{"taxonomy":"product_tag","embeddable":true,"href":"https:\/\/www.laperlavalles.cat\/fr\/wp-json\/wp\/v2\/product_tag?post=182139"}],"curies":[{"name":"wp","href":"https:\/\/api.w.org\/{rel}","templated":true}]}}