{"id":182254,"date":"2025-02-28T09:50:36","date_gmt":"2025-02-28T08:50:54","guid":{"rendered":"https:\/\/www.laperlavalles.cat\/product\/fitne-original-herbal-infusion\/"},"modified":"2025-02-28T10:21:54","modified_gmt":"2025-02-28T09:21:54","slug":"fitne-original-herbal-infusion","status":"publish","type":"product","link":"https:\/\/www.laperlavalles.cat\/fr\/produit\/fitne-original-herbal-infusion\/","title":{"rendered":"Fitn\u00e8 Original Herbal Infusion"},"content":{"rendered":"<p>Fitn\u00e8 Original Herbal Infusion est une infusion \u00e0 base de feuilles et de gousses de s\u00e9n\u00e9. C&rsquo;est un laxatif naturel doux qui aide \u00e0 nettoyer le tube digestif et \u00e0 favoriser la r\u00e9gularit\u00e9 intestinale. L&rsquo;infusion peut \u00e9galement \u00eatre utilis\u00e9e pour aider \u00e0 soulager la constipation, les ballonnements et les gaz.<\/p>\n","protected":false},"excerpt":{"rendered":"<p>Fitn\u00e8 Original Herbal Infusion est une infusion \u00e0 base de feuilles et de gousses de s\u00e9n\u00e9. C&rsquo;est un laxatif naturel doux qui aide \u00e0 nettoyer le<span class=\"excerpt-hellip\"> [\u2026]<\/span><\/p>\n","protected":false},"featured_media":182237,"comment_status":"open","ping_status":"closed","template":"","meta":[],"product_cat":[8600,8446],"product_tag":[],"_links":{"self":[{"href":"https:\/\/www.laperlavalles.cat\/fr\/wp-json\/wp\/v2\/product\/182254"}],"collection":[{"href":"https:\/\/www.laperlavalles.cat\/fr\/wp-json\/wp\/v2\/product"}],"about":[{"href":"https:\/\/www.laperlavalles.cat\/fr\/wp-json\/wp\/v2\/types\/product"}],"replies":[{"embeddable":true,"href":"https:\/\/www.laperlavalles.cat\/fr\/wp-json\/wp\/v2\/comments?post=182254"}],"wp:featuredmedia":[{"embeddable":true,"href":"https:\/\/www.laperlavalles.cat\/fr\/wp-json\/wp\/v2\/media\/182237"}],"wp:attachment":[{"href":"https:\/\/www.laperlavalles.cat\/fr\/wp-json\/wp\/v2\/media?parent=182254"}],"wp:term":[{"taxonomy":"product_cat","embeddable":true,"href":"https:\/\/www.laperlavalles.cat\/fr\/wp-json\/wp\/v2\/product_cat?post=182254"},{"taxonomy":"product_tag","embeddable":true,"href":"https:\/\/www.laperlavalles.cat\/fr\/wp-json\/wp\/v2\/product_tag?post=182254"}],"curies":[{"name":"wp","href":"https:\/\/api.w.org\/{rel}","templated":true}]}}