{"id":182294,"date":"2025-02-28T09:53:23","date_gmt":"2025-02-28T08:53:39","guid":{"rendered":"https:\/\/www.laperlavalles.cat\/product\/fitne-infusion-de-chrysantheme\/"},"modified":"2025-02-28T10:24:40","modified_gmt":"2025-02-28T09:24:40","slug":"fitne-infusion-de-chrysantheme","status":"publish","type":"product","link":"https:\/\/www.laperlavalles.cat\/fr\/produit\/fitne-infusion-de-chrysantheme\/","title":{"rendered":"Fitn\u00e8 Infusion de chrysanth\u00e8me"},"content":{"rendered":"<p>Fitn\u00e8 Chrysanthemum Herbal Infusion est une infusion \u00e0 base de fleurs de chrysanth\u00e8me, de feuilles et de gousses de s\u00e9n\u00e9. Il s&rsquo;agit d&rsquo;un produit naturel qui aide \u00e0 nettoyer le tube digestif, \u00e0 favoriser la r\u00e9gularit\u00e9 intestinale et \u00e0 r\u00e9duire la chaleur interne.<\/p>\n","protected":false},"excerpt":{"rendered":"<p>Fitn\u00e8 Chrysanthemum Herbal Infusion est une infusion \u00e0 base de fleurs de chrysanth\u00e8me, de feuilles et de gousses de s\u00e9n\u00e9. Il s&rsquo;agit d&rsquo;un produit naturel qui<span class=\"excerpt-hellip\"> [\u2026]<\/span><\/p>\n","protected":false},"featured_media":182277,"comment_status":"open","ping_status":"closed","template":"","meta":[],"product_cat":[8600,8446],"product_tag":[],"_links":{"self":[{"href":"https:\/\/www.laperlavalles.cat\/fr\/wp-json\/wp\/v2\/product\/182294"}],"collection":[{"href":"https:\/\/www.laperlavalles.cat\/fr\/wp-json\/wp\/v2\/product"}],"about":[{"href":"https:\/\/www.laperlavalles.cat\/fr\/wp-json\/wp\/v2\/types\/product"}],"replies":[{"embeddable":true,"href":"https:\/\/www.laperlavalles.cat\/fr\/wp-json\/wp\/v2\/comments?post=182294"}],"wp:featuredmedia":[{"embeddable":true,"href":"https:\/\/www.laperlavalles.cat\/fr\/wp-json\/wp\/v2\/media\/182277"}],"wp:attachment":[{"href":"https:\/\/www.laperlavalles.cat\/fr\/wp-json\/wp\/v2\/media?parent=182294"}],"wp:term":[{"taxonomy":"product_cat","embeddable":true,"href":"https:\/\/www.laperlavalles.cat\/fr\/wp-json\/wp\/v2\/product_cat?post=182294"},{"taxonomy":"product_tag","embeddable":true,"href":"https:\/\/www.laperlavalles.cat\/fr\/wp-json\/wp\/v2\/product_tag?post=182294"}],"curies":[{"name":"wp","href":"https:\/\/api.w.org\/{rel}","templated":true}]}}