{"id":182334,"date":"2025-02-28T09:56:09","date_gmt":"2025-02-28T08:56:25","guid":{"rendered":"https:\/\/www.laperlavalles.cat\/product\/confiture-madd-mangue-epicee\/"},"modified":"2025-02-28T20:40:05","modified_gmt":"2025-02-28T19:40:05","slug":"confiture-madd-mangue-epicee","status":"publish","type":"product","link":"https:\/\/www.laperlavalles.cat\/fr\/produit\/confiture-madd-mangue-epicee\/","title":{"rendered":"Confiture Madd + Mangue \u00c9pic\u00e9e"},"content":{"rendered":"<p>Confiture Madd + Mangue \u00c9pic\u00e9e est une confiture faite avec madd (Saba senegalensis) et mangue, combinant acidit\u00e9, douceur et une touche \u00e9pic\u00e9e prononc\u00e9e.<\/p>\n","protected":false},"excerpt":{"rendered":"<p>Confiture Madd + Mangue \u00c9pic\u00e9e est une confiture faite avec madd (Saba senegalensis) et mangue, combinant acidit\u00e9, douceur et une touche \u00e9pic\u00e9e prononc\u00e9e.<\/p>\n","protected":false},"featured_media":182317,"comment_status":"open","ping_status":"closed","template":"","meta":[],"product_cat":[10616],"product_tag":[],"_links":{"self":[{"href":"https:\/\/www.laperlavalles.cat\/fr\/wp-json\/wp\/v2\/product\/182334"}],"collection":[{"href":"https:\/\/www.laperlavalles.cat\/fr\/wp-json\/wp\/v2\/product"}],"about":[{"href":"https:\/\/www.laperlavalles.cat\/fr\/wp-json\/wp\/v2\/types\/product"}],"replies":[{"embeddable":true,"href":"https:\/\/www.laperlavalles.cat\/fr\/wp-json\/wp\/v2\/comments?post=182334"}],"wp:featuredmedia":[{"embeddable":true,"href":"https:\/\/www.laperlavalles.cat\/fr\/wp-json\/wp\/v2\/media\/182317"}],"wp:attachment":[{"href":"https:\/\/www.laperlavalles.cat\/fr\/wp-json\/wp\/v2\/media?parent=182334"}],"wp:term":[{"taxonomy":"product_cat","embeddable":true,"href":"https:\/\/www.laperlavalles.cat\/fr\/wp-json\/wp\/v2\/product_cat?post=182334"},{"taxonomy":"product_tag","embeddable":true,"href":"https:\/\/www.laperlavalles.cat\/fr\/wp-json\/wp\/v2\/product_tag?post=182334"}],"curies":[{"name":"wp","href":"https:\/\/api.w.org\/{rel}","templated":true}]}}