{"id":182404,"date":"2025-02-28T10:10:37","date_gmt":"2025-02-28T09:10:55","guid":{"rendered":"https:\/\/www.laperlavalles.cat\/product\/jus-de-gingembre-naturel-25cl-pet-esteval\/"},"modified":"2025-04-04T15:32:43","modified_gmt":"2025-04-04T13:32:43","slug":"jus-de-gingembre-naturel-25cl-pet-esteval","status":"publish","type":"product","link":"https:\/\/www.laperlavalles.cat\/fr\/produit\/jus-de-gingembre-naturel-25cl-pet-esteval\/","title":{"rendered":"Jus de Gingembre Naturel 25cl PET Esteval"},"content":{"rendered":"<p>Il s&rsquo;agit d&rsquo;un jus de gingembre 100% naturel. Il est fabriqu\u00e9 \u00e0 partir de gingembre frais et s\u00e9lectionn\u00e9, ce qui lui conf\u00e8re un go\u00fbt \u00e9pic\u00e9 et rafra\u00eechissant avec une pointe de piquant.<\/p>\n","protected":false},"excerpt":{"rendered":"<p>Il s&rsquo;agit d&rsquo;un jus de gingembre 100% naturel. Il est fabriqu\u00e9 \u00e0 partir de gingembre frais et s\u00e9lectionn\u00e9, ce qui lui conf\u00e8re un go\u00fbt \u00e9pic\u00e9 et<span class=\"excerpt-hellip\"> [\u2026]<\/span><\/p>\n","protected":false},"featured_media":182387,"comment_status":"open","ping_status":"closed","template":"","meta":[],"product_cat":[8445,8603],"product_tag":[],"_links":{"self":[{"href":"https:\/\/www.laperlavalles.cat\/fr\/wp-json\/wp\/v2\/product\/182404"}],"collection":[{"href":"https:\/\/www.laperlavalles.cat\/fr\/wp-json\/wp\/v2\/product"}],"about":[{"href":"https:\/\/www.laperlavalles.cat\/fr\/wp-json\/wp\/v2\/types\/product"}],"replies":[{"embeddable":true,"href":"https:\/\/www.laperlavalles.cat\/fr\/wp-json\/wp\/v2\/comments?post=182404"}],"wp:featuredmedia":[{"embeddable":true,"href":"https:\/\/www.laperlavalles.cat\/fr\/wp-json\/wp\/v2\/media\/182387"}],"wp:attachment":[{"href":"https:\/\/www.laperlavalles.cat\/fr\/wp-json\/wp\/v2\/media?parent=182404"}],"wp:term":[{"taxonomy":"product_cat","embeddable":true,"href":"https:\/\/www.laperlavalles.cat\/fr\/wp-json\/wp\/v2\/product_cat?post=182404"},{"taxonomy":"product_tag","embeddable":true,"href":"https:\/\/www.laperlavalles.cat\/fr\/wp-json\/wp\/v2\/product_tag?post=182404"}],"curies":[{"name":"wp","href":"https:\/\/api.w.org\/{rel}","templated":true}]}}