{"id":182424,"date":"2025-02-28T10:12:04","date_gmt":"2025-02-28T09:12:22","guid":{"rendered":"https:\/\/www.laperlavalles.cat\/product\/jus-de-tamarin-naturel-25cl-pet-esteval\/"},"modified":"2025-04-04T15:22:25","modified_gmt":"2025-04-04T13:22:25","slug":"jus-de-tamarin-naturel-25cl-pet-esteval","status":"publish","type":"product","link":"https:\/\/www.laperlavalles.cat\/fr\/produit\/jus-de-tamarin-naturel-25cl-pet-esteval\/","title":{"rendered":"Jus de tamarin naturel 25cl PET Esteval"},"content":{"rendered":"<p>Il s&rsquo;agit d&rsquo;un jus de tamarin 100% naturel. Il est fabriqu\u00e9 \u00e0 partir de la pulpe de tamarin frais s\u00e9lectionn\u00e9, ce qui lui donne un go\u00fbt aigre-doux avec une touche tropicale. <\/p>\n","protected":false},"excerpt":{"rendered":"<p>Il s&rsquo;agit d&rsquo;un jus de tamarin 100% naturel. Il est fabriqu\u00e9 \u00e0 partir de la pulpe de tamarin frais s\u00e9lectionn\u00e9, ce qui lui donne un go\u00fbt<span class=\"excerpt-hellip\"> [\u2026]<\/span><\/p>\n","protected":false},"featured_media":182407,"comment_status":"open","ping_status":"closed","template":"","meta":[],"product_cat":[8445,8603],"product_tag":[],"_links":{"self":[{"href":"https:\/\/www.laperlavalles.cat\/fr\/wp-json\/wp\/v2\/product\/182424"}],"collection":[{"href":"https:\/\/www.laperlavalles.cat\/fr\/wp-json\/wp\/v2\/product"}],"about":[{"href":"https:\/\/www.laperlavalles.cat\/fr\/wp-json\/wp\/v2\/types\/product"}],"replies":[{"embeddable":true,"href":"https:\/\/www.laperlavalles.cat\/fr\/wp-json\/wp\/v2\/comments?post=182424"}],"wp:featuredmedia":[{"embeddable":true,"href":"https:\/\/www.laperlavalles.cat\/fr\/wp-json\/wp\/v2\/media\/182407"}],"wp:attachment":[{"href":"https:\/\/www.laperlavalles.cat\/fr\/wp-json\/wp\/v2\/media?parent=182424"}],"wp:term":[{"taxonomy":"product_cat","embeddable":true,"href":"https:\/\/www.laperlavalles.cat\/fr\/wp-json\/wp\/v2\/product_cat?post=182424"},{"taxonomy":"product_tag","embeddable":true,"href":"https:\/\/www.laperlavalles.cat\/fr\/wp-json\/wp\/v2\/product_tag?post=182424"}],"curies":[{"name":"wp","href":"https:\/\/api.w.org\/{rel}","templated":true}]}}