{"id":182464,"date":"2025-02-28T10:30:38","date_gmt":"2025-02-28T09:30:58","guid":{"rendered":"https:\/\/www.laperlavalles.cat\/product\/jus-naturel-de-baobab-25cl-pet-esteval\/"},"modified":"2025-04-04T15:02:31","modified_gmt":"2025-04-04T13:02:31","slug":"jus-naturel-de-baobab-25cl-pet-esteval","status":"publish","type":"product","link":"https:\/\/www.laperlavalles.cat\/fr\/produit\/jus-naturel-de-baobab-25cl-pet-esteval\/","title":{"rendered":"Jus naturel de baobab 25cl PET Esteval"},"content":{"rendered":"<p>Le Jus de Baobab Esteval est une boisson naturelle \u00e9labor\u00e9e \u00e0 partir de la pulpe du fruit du baobab, connu pour sa saveur exotique et ses bienfaits nutritionnels. Riche en vitamines et min\u00e9raux, il est id\u00e9al pour une hydratation saine.<\/p>\n","protected":false},"excerpt":{"rendered":"<p>Le Jus de Baobab Esteval est une boisson naturelle \u00e9labor\u00e9e \u00e0 partir de la pulpe du fruit du baobab, connu pour sa saveur exotique et ses<span class=\"excerpt-hellip\"> [\u2026]<\/span><\/p>\n","protected":false},"featured_media":182447,"comment_status":"open","ping_status":"closed","template":"","meta":[],"product_cat":[8445,8603],"product_tag":[],"_links":{"self":[{"href":"https:\/\/www.laperlavalles.cat\/fr\/wp-json\/wp\/v2\/product\/182464"}],"collection":[{"href":"https:\/\/www.laperlavalles.cat\/fr\/wp-json\/wp\/v2\/product"}],"about":[{"href":"https:\/\/www.laperlavalles.cat\/fr\/wp-json\/wp\/v2\/types\/product"}],"replies":[{"embeddable":true,"href":"https:\/\/www.laperlavalles.cat\/fr\/wp-json\/wp\/v2\/comments?post=182464"}],"wp:featuredmedia":[{"embeddable":true,"href":"https:\/\/www.laperlavalles.cat\/fr\/wp-json\/wp\/v2\/media\/182447"}],"wp:attachment":[{"href":"https:\/\/www.laperlavalles.cat\/fr\/wp-json\/wp\/v2\/media?parent=182464"}],"wp:term":[{"taxonomy":"product_cat","embeddable":true,"href":"https:\/\/www.laperlavalles.cat\/fr\/wp-json\/wp\/v2\/product_cat?post=182464"},{"taxonomy":"product_tag","embeddable":true,"href":"https:\/\/www.laperlavalles.cat\/fr\/wp-json\/wp\/v2\/product_tag?post=182464"}],"curies":[{"name":"wp","href":"https:\/\/api.w.org\/{rel}","templated":true}]}}