{"id":182514,"date":"2025-02-28T10:44:29","date_gmt":"2025-02-28T09:44:29","guid":{"rendered":"https:\/\/www.laperlavalles.cat\/product\/sauce-soja-a-faible-teneur-en-sel-sanbishi-800-ml-3\/"},"modified":"2025-02-28T10:44:29","modified_gmt":"2025-02-28T09:44:29","slug":"sauce-soja-a-faible-teneur-en-sel-sanbishi-800-ml-3","status":"publish","type":"product","link":"https:\/\/www.laperlavalles.cat\/fr\/produit\/sauce-soja-a-faible-teneur-en-sel-sanbishi-800-ml-3\/","title":{"rendered":"Sauce Soja \u00e0 Faible Teneur en Sel Sanbishi 800 ml"},"content":{"rendered":"<p>La sauce soja \u00e0 faible teneur en sel de Sanbishi offre le go\u00fbt authentique du soja ferment\u00e9 avec 43% de sel en moins, tout en conservant l&rsquo;ar\u00f4me unique et la richesse umami.  Id\u00e9ale pour mariner, cuisiner et comme condiment dans une large vari\u00e9t\u00e9 de recettes asiatiques, permettant de r\u00e9duire l&rsquo;apport en sodium sans compromettre le go\u00fbt.<\/p>\n","protected":false},"excerpt":{"rendered":"<p>La sauce soja \u00e0 faible teneur en sel de Sanbishi offre le go\u00fbt authentique du soja ferment\u00e9 avec 43% de sel en moins, tout en conservant<span class=\"excerpt-hellip\"> [\u2026]<\/span><\/p>\n","protected":false},"featured_media":182510,"comment_status":"open","ping_status":"closed","template":"","meta":[],"product_cat":[8449,8580],"product_tag":[],"_links":{"self":[{"href":"https:\/\/www.laperlavalles.cat\/fr\/wp-json\/wp\/v2\/product\/182514"}],"collection":[{"href":"https:\/\/www.laperlavalles.cat\/fr\/wp-json\/wp\/v2\/product"}],"about":[{"href":"https:\/\/www.laperlavalles.cat\/fr\/wp-json\/wp\/v2\/types\/product"}],"replies":[{"embeddable":true,"href":"https:\/\/www.laperlavalles.cat\/fr\/wp-json\/wp\/v2\/comments?post=182514"}],"wp:featuredmedia":[{"embeddable":true,"href":"https:\/\/www.laperlavalles.cat\/fr\/wp-json\/wp\/v2\/media\/182510"}],"wp:attachment":[{"href":"https:\/\/www.laperlavalles.cat\/fr\/wp-json\/wp\/v2\/media?parent=182514"}],"wp:term":[{"taxonomy":"product_cat","embeddable":true,"href":"https:\/\/www.laperlavalles.cat\/fr\/wp-json\/wp\/v2\/product_cat?post=182514"},{"taxonomy":"product_tag","embeddable":true,"href":"https:\/\/www.laperlavalles.cat\/fr\/wp-json\/wp\/v2\/product_tag?post=182514"}],"curies":[{"name":"wp","href":"https:\/\/api.w.org\/{rel}","templated":true}]}}