{"id":182714,"date":"2025-02-28T11:00:29","date_gmt":"2025-02-28T10:00:47","guid":{"rendered":"https:\/\/www.laperlavalles.cat\/product\/nouilles-nissin-en-pot-miso-vegetal-67g\/"},"modified":"2025-02-28T17:30:45","modified_gmt":"2025-02-28T16:30:45","slug":"nouilles-nissin-en-pot-miso-vegetal-67g","status":"publish","type":"product","link":"https:\/\/www.laperlavalles.cat\/fr\/produit\/nouilles-nissin-en-pot-miso-vegetal-67g\/","title":{"rendered":"NOUILLES NISSIN EN POT MISO V\u00c9G\u00c9TAL 67G"},"content":{"rendered":"<p>Nouilles Nissin en Pot Miso V\u00e9g\u00e9tal 67g sont des nouilles instantan\u00e9es avec un bouillon de miso et des l\u00e9gumes s\u00e9lectionn\u00e9s. Avec une saveur authentique inspir\u00e9e de la cuisine japonaise, elles sont faciles \u00e0 pr\u00e9parer en ajoutant de l&rsquo;eau chaude. Id\u00e9ales pour un repas rapide et savoureux \u00e0 tout moment.<\/p>\n","protected":false},"excerpt":{"rendered":"<p>Nouilles Nissin en Pot Miso V\u00e9g\u00e9tal 67g sont des nouilles instantan\u00e9es avec un bouillon de miso et des l\u00e9gumes s\u00e9lectionn\u00e9s. Avec une saveur authentique inspir\u00e9e de<span class=\"excerpt-hellip\"> [\u2026]<\/span><\/p>\n","protected":false},"featured_media":182687,"comment_status":"open","ping_status":"closed","template":"","meta":[],"product_cat":[10616],"product_tag":[],"_links":{"self":[{"href":"https:\/\/www.laperlavalles.cat\/fr\/wp-json\/wp\/v2\/product\/182714"}],"collection":[{"href":"https:\/\/www.laperlavalles.cat\/fr\/wp-json\/wp\/v2\/product"}],"about":[{"href":"https:\/\/www.laperlavalles.cat\/fr\/wp-json\/wp\/v2\/types\/product"}],"replies":[{"embeddable":true,"href":"https:\/\/www.laperlavalles.cat\/fr\/wp-json\/wp\/v2\/comments?post=182714"}],"wp:featuredmedia":[{"embeddable":true,"href":"https:\/\/www.laperlavalles.cat\/fr\/wp-json\/wp\/v2\/media\/182687"}],"wp:attachment":[{"href":"https:\/\/www.laperlavalles.cat\/fr\/wp-json\/wp\/v2\/media?parent=182714"}],"wp:term":[{"taxonomy":"product_cat","embeddable":true,"href":"https:\/\/www.laperlavalles.cat\/fr\/wp-json\/wp\/v2\/product_cat?post=182714"},{"taxonomy":"product_tag","embeddable":true,"href":"https:\/\/www.laperlavalles.cat\/fr\/wp-json\/wp\/v2\/product_tag?post=182714"}],"curies":[{"name":"wp","href":"https:\/\/api.w.org\/{rel}","templated":true}]}}