{"id":183034,"date":"2025-02-28T11:23:16","date_gmt":"2025-02-28T10:23:16","guid":{"rendered":"https:\/\/www.laperlavalles.cat\/product\/sauce-soja-jiajashan-6-kg-4\/"},"modified":"2025-02-28T11:23:16","modified_gmt":"2025-02-28T10:23:16","slug":"sauce-soja-jiajashan-6-kg-4","status":"publish","type":"product","link":"https:\/\/www.laperlavalles.cat\/fr\/produit\/sauce-soja-jiajashan-6-kg-4\/","title":{"rendered":"Sauce Soja Jiajashan 6 kg"},"content":{"rendered":"<p>La sauce soja Jiajashan est reconnue pour sa qualit\u00e9 et son go\u00fbt authentique. \u00c9labor\u00e9e par fermentation naturelle de soja et de bl\u00e9 torr\u00e9fi\u00e9, elle apporte une saveur umami profonde \u00e0 vos plats. Id\u00e9ale pour mariner, cuisiner et comme condiment dans une large vari\u00e9t\u00e9 de recettes asiatiques.<\/p>\n","protected":false},"excerpt":{"rendered":"<p>La sauce soja Jiajashan est reconnue pour sa qualit\u00e9 et son go\u00fbt authentique. \u00c9labor\u00e9e par fermentation naturelle de soja et de bl\u00e9 torr\u00e9fi\u00e9, elle apporte une<span class=\"excerpt-hellip\"> [\u2026]<\/span><\/p>\n","protected":false},"featured_media":183030,"comment_status":"open","ping_status":"closed","template":"","meta":[],"product_cat":[8449,8580],"product_tag":[],"_links":{"self":[{"href":"https:\/\/www.laperlavalles.cat\/fr\/wp-json\/wp\/v2\/product\/183034"}],"collection":[{"href":"https:\/\/www.laperlavalles.cat\/fr\/wp-json\/wp\/v2\/product"}],"about":[{"href":"https:\/\/www.laperlavalles.cat\/fr\/wp-json\/wp\/v2\/types\/product"}],"replies":[{"embeddable":true,"href":"https:\/\/www.laperlavalles.cat\/fr\/wp-json\/wp\/v2\/comments?post=183034"}],"wp:featuredmedia":[{"embeddable":true,"href":"https:\/\/www.laperlavalles.cat\/fr\/wp-json\/wp\/v2\/media\/183030"}],"wp:attachment":[{"href":"https:\/\/www.laperlavalles.cat\/fr\/wp-json\/wp\/v2\/media?parent=183034"}],"wp:term":[{"taxonomy":"product_cat","embeddable":true,"href":"https:\/\/www.laperlavalles.cat\/fr\/wp-json\/wp\/v2\/product_cat?post=183034"},{"taxonomy":"product_tag","embeddable":true,"href":"https:\/\/www.laperlavalles.cat\/fr\/wp-json\/wp\/v2\/product_tag?post=183034"}],"curies":[{"name":"wp","href":"https:\/\/api.w.org\/{rel}","templated":true}]}}