{"id":183194,"date":"2025-02-28T11:44:53","date_gmt":"2025-02-28T10:44:53","guid":{"rendered":"https:\/\/www.laperlavalles.cat\/product\/nouilles-nissin-poulet-100g-4\/"},"modified":"2025-02-28T11:44:53","modified_gmt":"2025-02-28T10:44:53","slug":"nouilles-nissin-poulet-100g-4","status":"publish","type":"product","link":"https:\/\/www.laperlavalles.cat\/fr\/produit\/nouilles-nissin-poulet-100g-4\/","title":{"rendered":"NOUILLES NISSIN POULET 100G"},"content":{"rendered":"<p>Nouilles Nissin Poulet 100g sont des nouilles instantan\u00e9es au go\u00fbt de poulet, avec un bouillon doux et r\u00e9confortant. Faciles \u00e0 pr\u00e9parer en ajoutant de l&rsquo;eau chaude, elles sont une option rapide et d\u00e9licieuse \u00e0 tout moment de la journ\u00e9e.<\/p>\n","protected":false},"excerpt":{"rendered":"<p>Nouilles Nissin Poulet 100g sont des nouilles instantan\u00e9es au go\u00fbt de poulet, avec un bouillon doux et r\u00e9confortant. Faciles \u00e0 pr\u00e9parer en ajoutant de l&rsquo;eau chaude,<span class=\"excerpt-hellip\"> [\u2026]<\/span><\/p>\n","protected":false},"featured_media":183190,"comment_status":"open","ping_status":"closed","template":"","meta":[],"product_cat":[36],"product_tag":[],"_links":{"self":[{"href":"https:\/\/www.laperlavalles.cat\/fr\/wp-json\/wp\/v2\/product\/183194"}],"collection":[{"href":"https:\/\/www.laperlavalles.cat\/fr\/wp-json\/wp\/v2\/product"}],"about":[{"href":"https:\/\/www.laperlavalles.cat\/fr\/wp-json\/wp\/v2\/types\/product"}],"replies":[{"embeddable":true,"href":"https:\/\/www.laperlavalles.cat\/fr\/wp-json\/wp\/v2\/comments?post=183194"}],"wp:featuredmedia":[{"embeddable":true,"href":"https:\/\/www.laperlavalles.cat\/fr\/wp-json\/wp\/v2\/media\/183190"}],"wp:attachment":[{"href":"https:\/\/www.laperlavalles.cat\/fr\/wp-json\/wp\/v2\/media?parent=183194"}],"wp:term":[{"taxonomy":"product_cat","embeddable":true,"href":"https:\/\/www.laperlavalles.cat\/fr\/wp-json\/wp\/v2\/product_cat?post=183194"},{"taxonomy":"product_tag","embeddable":true,"href":"https:\/\/www.laperlavalles.cat\/fr\/wp-json\/wp\/v2\/product_tag?post=183194"}],"curies":[{"name":"wp","href":"https:\/\/api.w.org\/{rel}","templated":true}]}}