{"id":183274,"date":"2025-02-28T11:50:36","date_gmt":"2025-02-28T10:50:53","guid":{"rendered":"https:\/\/www.laperlavalles.cat\/product\/nouilles-nissin-sesame-100g\/"},"modified":"2025-11-21T15:21:10","modified_gmt":"2025-11-21T14:21:10","slug":"nouilles-nissin-sesame-100g","status":"publish","type":"product","link":"https:\/\/www.laperlavalles.cat\/fr\/produit\/nouilles-nissin-sesame-100g\/","title":{"rendered":"NOUILLES NISSIN S\u00c9SAME 100G"},"content":{"rendered":"<p>Nouilles Nissin S\u00e9same 100g sont des nouilles instantan\u00e9es avec une saveur douce et aromatique de s\u00e9same, apportant une touche l\u00e9g\u00e8rement grill\u00e9e et cr\u00e9meuse. Faciles \u00e0 pr\u00e9parer en ajoutant de l&rsquo;eau chaude, elles sont une option d\u00e9licieuse et r\u00e9confortante \u00e0 tout moment de la journ\u00e9e.<\/p>\n","protected":false},"excerpt":{"rendered":"<p>Nouilles Nissin S\u00e9same 100g sont des nouilles instantan\u00e9es avec une saveur douce et aromatique de s\u00e9same, apportant une touche l\u00e9g\u00e8rement grill\u00e9e et cr\u00e9meuse. Faciles \u00e0 pr\u00e9parer<span class=\"excerpt-hellip\"> [\u2026]<\/span><\/p>\n","protected":false},"featured_media":183257,"comment_status":"open","ping_status":"closed","template":"","meta":[],"product_cat":[10616],"product_tag":[],"_links":{"self":[{"href":"https:\/\/www.laperlavalles.cat\/fr\/wp-json\/wp\/v2\/product\/183274"}],"collection":[{"href":"https:\/\/www.laperlavalles.cat\/fr\/wp-json\/wp\/v2\/product"}],"about":[{"href":"https:\/\/www.laperlavalles.cat\/fr\/wp-json\/wp\/v2\/types\/product"}],"replies":[{"embeddable":true,"href":"https:\/\/www.laperlavalles.cat\/fr\/wp-json\/wp\/v2\/comments?post=183274"}],"wp:featuredmedia":[{"embeddable":true,"href":"https:\/\/www.laperlavalles.cat\/fr\/wp-json\/wp\/v2\/media\/183257"}],"wp:attachment":[{"href":"https:\/\/www.laperlavalles.cat\/fr\/wp-json\/wp\/v2\/media?parent=183274"}],"wp:term":[{"taxonomy":"product_cat","embeddable":true,"href":"https:\/\/www.laperlavalles.cat\/fr\/wp-json\/wp\/v2\/product_cat?post=183274"},{"taxonomy":"product_tag","embeddable":true,"href":"https:\/\/www.laperlavalles.cat\/fr\/wp-json\/wp\/v2\/product_tag?post=183274"}],"curies":[{"name":"wp","href":"https:\/\/api.w.org\/{rel}","templated":true}]}}