{"id":183489,"date":"2025-02-28T12:08:52","date_gmt":"2025-02-28T11:08:52","guid":{"rendered":"https:\/\/www.laperlavalles.cat\/product\/nouilles-nissin-tonkotsu-100g-7\/"},"modified":"2025-02-28T12:08:52","modified_gmt":"2025-02-28T11:08:52","slug":"nouilles-nissin-tonkotsu-100g-7","status":"publish","type":"product","link":"https:\/\/www.laperlavalles.cat\/fr\/produit\/nouilles-nissin-tonkotsu-100g-7\/","title":{"rendered":"NOUILLES NISSIN TONKOTSU 100G"},"content":{"rendered":"<p>Nouilles Nissin Tonkotsu 100g sont des nouilles instantan\u00e9es inspir\u00e9es de la soupe japonaise traditionnelle au bouillon d&rsquo;os de porc. Avec une saveur intense et cr\u00e9meuse, elles sont faciles \u00e0 pr\u00e9parer en ajoutant de l&rsquo;eau chaude, offrant une exp\u00e9rience authentique et r\u00e9confortante.<\/p>\n","protected":false},"excerpt":{"rendered":"<p>Nouilles Nissin Tonkotsu 100g sont des nouilles instantan\u00e9es inspir\u00e9es de la soupe japonaise traditionnelle au bouillon d&rsquo;os de porc. Avec une saveur intense et cr\u00e9meuse, elles<span class=\"excerpt-hellip\"> [\u2026]<\/span><\/p>\n","protected":false},"featured_media":183485,"comment_status":"open","ping_status":"closed","template":"","meta":[],"product_cat":[36],"product_tag":[],"_links":{"self":[{"href":"https:\/\/www.laperlavalles.cat\/fr\/wp-json\/wp\/v2\/product\/183489"}],"collection":[{"href":"https:\/\/www.laperlavalles.cat\/fr\/wp-json\/wp\/v2\/product"}],"about":[{"href":"https:\/\/www.laperlavalles.cat\/fr\/wp-json\/wp\/v2\/types\/product"}],"replies":[{"embeddable":true,"href":"https:\/\/www.laperlavalles.cat\/fr\/wp-json\/wp\/v2\/comments?post=183489"}],"wp:featuredmedia":[{"embeddable":true,"href":"https:\/\/www.laperlavalles.cat\/fr\/wp-json\/wp\/v2\/media\/183485"}],"wp:attachment":[{"href":"https:\/\/www.laperlavalles.cat\/fr\/wp-json\/wp\/v2\/media?parent=183489"}],"wp:term":[{"taxonomy":"product_cat","embeddable":true,"href":"https:\/\/www.laperlavalles.cat\/fr\/wp-json\/wp\/v2\/product_cat?post=183489"},{"taxonomy":"product_tag","embeddable":true,"href":"https:\/\/www.laperlavalles.cat\/fr\/wp-json\/wp\/v2\/product_tag?post=183489"}],"curies":[{"name":"wp","href":"https:\/\/api.w.org\/{rel}","templated":true}]}}