{"id":183524,"date":"2025-02-28T12:10:37","date_gmt":"2025-02-28T11:10:54","guid":{"rendered":"https:\/\/www.laperlavalles.cat\/product\/noodles-nissin-duck-100g\/"},"modified":"2025-10-23T18:11:28","modified_gmt":"2025-10-23T16:11:28","slug":"noodles-nissin-duck-100g","status":"publish","type":"product","link":"https:\/\/www.laperlavalles.cat\/fr\/produit\/noodles-nissin-duck-100g\/","title":{"rendered":"NOODLES NISSIN DUCK 100G"},"content":{"rendered":"<p>Nouilles Nissin Canard 100g sont des nouilles instantan\u00e9es au go\u00fbt intense et aromatique de canard, inspir\u00e9es de la cuisine asiatique. Faciles \u00e0 pr\u00e9parer en ajoutant de l&rsquo;eau chaude, elles offrent un bouillon riche et savoureux, id\u00e9al pour un repas rapide et d\u00e9licieux.<\/p>\n","protected":false},"excerpt":{"rendered":"<p>Nouilles Nissin Canard 100g sont des nouilles instantan\u00e9es au go\u00fbt intense et aromatique de canard, inspir\u00e9es de la cuisine asiatique. Faciles \u00e0 pr\u00e9parer en ajoutant de<span class=\"excerpt-hellip\"> [\u2026]<\/span><\/p>\n","protected":false},"featured_media":183507,"comment_status":"open","ping_status":"closed","template":"","meta":[],"product_cat":[10616],"product_tag":[],"_links":{"self":[{"href":"https:\/\/www.laperlavalles.cat\/fr\/wp-json\/wp\/v2\/product\/183524"}],"collection":[{"href":"https:\/\/www.laperlavalles.cat\/fr\/wp-json\/wp\/v2\/product"}],"about":[{"href":"https:\/\/www.laperlavalles.cat\/fr\/wp-json\/wp\/v2\/types\/product"}],"replies":[{"embeddable":true,"href":"https:\/\/www.laperlavalles.cat\/fr\/wp-json\/wp\/v2\/comments?post=183524"}],"wp:featuredmedia":[{"embeddable":true,"href":"https:\/\/www.laperlavalles.cat\/fr\/wp-json\/wp\/v2\/media\/183507"}],"wp:attachment":[{"href":"https:\/\/www.laperlavalles.cat\/fr\/wp-json\/wp\/v2\/media?parent=183524"}],"wp:term":[{"taxonomy":"product_cat","embeddable":true,"href":"https:\/\/www.laperlavalles.cat\/fr\/wp-json\/wp\/v2\/product_cat?post=183524"},{"taxonomy":"product_tag","embeddable":true,"href":"https:\/\/www.laperlavalles.cat\/fr\/wp-json\/wp\/v2\/product_tag?post=183524"}],"curies":[{"name":"wp","href":"https:\/\/api.w.org\/{rel}","templated":true}]}}