{"id":183664,"date":"2025-02-28T12:22:14","date_gmt":"2025-02-28T11:22:14","guid":{"rendered":"https:\/\/www.laperlavalles.cat\/product\/nouilles-nissin-ramen-sauce-soja-100g-2\/"},"modified":"2025-02-28T12:22:14","modified_gmt":"2025-02-28T11:22:14","slug":"nouilles-nissin-ramen-sauce-soja-100g-2","status":"publish","type":"product","link":"https:\/\/www.laperlavalles.cat\/fr\/produit\/nouilles-nissin-ramen-sauce-soja-100g-2\/","title":{"rendered":"NOUILLES NISSIN RAMEN SAUCE SOJA 100G"},"content":{"rendered":"<p>Nouilles Nissin Ramen Sauce Soja 100g sont des nouilles instantan\u00e9es avec un bouillon riche et \u00e9quilibr\u00e9, mettant en avant la saveur umami de la sauce soja. Inspir\u00e9es du ramen japonais traditionnel, elles sont faciles \u00e0 pr\u00e9parer en ajoutant de l&rsquo;eau chaude, offrant un repas rapide et savoureux.<\/p>\n","protected":false},"excerpt":{"rendered":"<p>Nouilles Nissin Ramen Sauce Soja 100g sont des nouilles instantan\u00e9es avec un bouillon riche et \u00e9quilibr\u00e9, mettant en avant la saveur umami de la sauce soja.<span class=\"excerpt-hellip\"> [\u2026]<\/span><\/p>\n","protected":false},"featured_media":183660,"comment_status":"open","ping_status":"closed","template":"","meta":[],"product_cat":[36],"product_tag":[],"_links":{"self":[{"href":"https:\/\/www.laperlavalles.cat\/fr\/wp-json\/wp\/v2\/product\/183664"}],"collection":[{"href":"https:\/\/www.laperlavalles.cat\/fr\/wp-json\/wp\/v2\/product"}],"about":[{"href":"https:\/\/www.laperlavalles.cat\/fr\/wp-json\/wp\/v2\/types\/product"}],"replies":[{"embeddable":true,"href":"https:\/\/www.laperlavalles.cat\/fr\/wp-json\/wp\/v2\/comments?post=183664"}],"wp:featuredmedia":[{"embeddable":true,"href":"https:\/\/www.laperlavalles.cat\/fr\/wp-json\/wp\/v2\/media\/183660"}],"wp:attachment":[{"href":"https:\/\/www.laperlavalles.cat\/fr\/wp-json\/wp\/v2\/media?parent=183664"}],"wp:term":[{"taxonomy":"product_cat","embeddable":true,"href":"https:\/\/www.laperlavalles.cat\/fr\/wp-json\/wp\/v2\/product_cat?post=183664"},{"taxonomy":"product_tag","embeddable":true,"href":"https:\/\/www.laperlavalles.cat\/fr\/wp-json\/wp\/v2\/product_tag?post=183664"}],"curies":[{"name":"wp","href":"https:\/\/api.w.org\/{rel}","templated":true}]}}