{"id":183894,"date":"2025-02-28T12:40:50","date_gmt":"2025-02-28T11:40:50","guid":{"rendered":"https:\/\/www.laperlavalles.cat\/product\/nouilles-nissin-epicees-100g-8\/"},"modified":"2025-02-28T12:40:50","modified_gmt":"2025-02-28T11:40:50","slug":"nouilles-nissin-epicees-100g-8","status":"publish","type":"product","link":"https:\/\/www.laperlavalles.cat\/fr\/produit\/nouilles-nissin-epicees-100g-8\/","title":{"rendered":"NOUILLES NISSIN \u00c9PIC\u00c9ES 100G"},"content":{"rendered":"<p>Nouilles Nissin \u00c9pic\u00e9es 100g sont des nouilles instantan\u00e9es avec un bouillon intense et une touche \u00e9pic\u00e9e qui apporte chaleur et saveur. Parfaites pour les amateurs de sensations fortes, elles sont faciles \u00e0 pr\u00e9parer en ajoutant de l&rsquo;eau chaude, offrant un repas rapide et savoureux.<\/p>\n","protected":false},"excerpt":{"rendered":"<p>Nouilles Nissin \u00c9pic\u00e9es 100g sont des nouilles instantan\u00e9es avec un bouillon intense et une touche \u00e9pic\u00e9e qui apporte chaleur et saveur. Parfaites pour les amateurs de<span class=\"excerpt-hellip\"> [\u2026]<\/span><\/p>\n","protected":false},"featured_media":183890,"comment_status":"open","ping_status":"closed","template":"","meta":[],"product_cat":[36],"product_tag":[],"_links":{"self":[{"href":"https:\/\/www.laperlavalles.cat\/fr\/wp-json\/wp\/v2\/product\/183894"}],"collection":[{"href":"https:\/\/www.laperlavalles.cat\/fr\/wp-json\/wp\/v2\/product"}],"about":[{"href":"https:\/\/www.laperlavalles.cat\/fr\/wp-json\/wp\/v2\/types\/product"}],"replies":[{"embeddable":true,"href":"https:\/\/www.laperlavalles.cat\/fr\/wp-json\/wp\/v2\/comments?post=183894"}],"wp:featuredmedia":[{"embeddable":true,"href":"https:\/\/www.laperlavalles.cat\/fr\/wp-json\/wp\/v2\/media\/183890"}],"wp:attachment":[{"href":"https:\/\/www.laperlavalles.cat\/fr\/wp-json\/wp\/v2\/media?parent=183894"}],"wp:term":[{"taxonomy":"product_cat","embeddable":true,"href":"https:\/\/www.laperlavalles.cat\/fr\/wp-json\/wp\/v2\/product_cat?post=183894"},{"taxonomy":"product_tag","embeddable":true,"href":"https:\/\/www.laperlavalles.cat\/fr\/wp-json\/wp\/v2\/product_tag?post=183894"}],"curies":[{"name":"wp","href":"https:\/\/api.w.org\/{rel}","templated":true}]}}