{"id":183914,"date":"2025-02-28T12:42:15","date_gmt":"2025-02-28T11:42:15","guid":{"rendered":"https:\/\/www.laperlavalles.cat\/product\/nouilles-nissin-en-pot-sauce-soja-crevettes-63g-2\/"},"modified":"2025-02-28T12:42:15","modified_gmt":"2025-02-28T11:42:15","slug":"nouilles-nissin-en-pot-sauce-soja-crevettes-63g-2","status":"publish","type":"product","link":"https:\/\/www.laperlavalles.cat\/fr\/produit\/nouilles-nissin-en-pot-sauce-soja-crevettes-63g-2\/","title":{"rendered":"NOUILLES NISSIN EN POT SAUCE SOJA CREVETTES 63G"},"content":{"rendered":"<p>Nouilles Nissin en Pot Sauce Soja Crevettes 63g sont des nouilles instantan\u00e9es avec un bouillon savoureux \u00e0 base de sauce soja et de crevettes. Inspir\u00e9es de la cuisine asiatique, elles sont faciles \u00e0 pr\u00e9parer en ajoutant simplement de l&rsquo;eau chaude, id\u00e9ales pour un repas rapide et d\u00e9licieux.<\/p>\n","protected":false},"excerpt":{"rendered":"<p>Nouilles Nissin en Pot Sauce Soja Crevettes 63g sont des nouilles instantan\u00e9es avec un bouillon savoureux \u00e0 base de sauce soja et de crevettes. Inspir\u00e9es de<span class=\"excerpt-hellip\"> [\u2026]<\/span><\/p>\n","protected":false},"featured_media":183910,"comment_status":"open","ping_status":"closed","template":"","meta":[],"product_cat":[36],"product_tag":[],"_links":{"self":[{"href":"https:\/\/www.laperlavalles.cat\/fr\/wp-json\/wp\/v2\/product\/183914"}],"collection":[{"href":"https:\/\/www.laperlavalles.cat\/fr\/wp-json\/wp\/v2\/product"}],"about":[{"href":"https:\/\/www.laperlavalles.cat\/fr\/wp-json\/wp\/v2\/types\/product"}],"replies":[{"embeddable":true,"href":"https:\/\/www.laperlavalles.cat\/fr\/wp-json\/wp\/v2\/comments?post=183914"}],"wp:featuredmedia":[{"embeddable":true,"href":"https:\/\/www.laperlavalles.cat\/fr\/wp-json\/wp\/v2\/media\/183910"}],"wp:attachment":[{"href":"https:\/\/www.laperlavalles.cat\/fr\/wp-json\/wp\/v2\/media?parent=183914"}],"wp:term":[{"taxonomy":"product_cat","embeddable":true,"href":"https:\/\/www.laperlavalles.cat\/fr\/wp-json\/wp\/v2\/product_cat?post=183914"},{"taxonomy":"product_tag","embeddable":true,"href":"https:\/\/www.laperlavalles.cat\/fr\/wp-json\/wp\/v2\/product_tag?post=183914"}],"curies":[{"name":"wp","href":"https:\/\/api.w.org\/{rel}","templated":true}]}}