{"id":183979,"date":"2025-02-28T12:55:09","date_gmt":"2025-02-28T11:55:09","guid":{"rendered":"https:\/\/www.laperlavalles.cat\/product\/nouilles-nissin-boeuf-100g-4\/"},"modified":"2025-02-28T12:55:09","modified_gmt":"2025-02-28T11:55:09","slug":"nouilles-nissin-boeuf-100g-4","status":"publish","type":"product","link":"https:\/\/www.laperlavalles.cat\/fr\/produit\/nouilles-nissin-boeuf-100g-4\/","title":{"rendered":"NOUILLES NISSIN BOEUF 100G"},"content":{"rendered":"<p>Nouilles Nissin Boeuf 100g sont des nouilles instantan\u00e9es avec un bouillon riche et savoureux au b\u0153uf. Inspir\u00e9es de la cuisine asiatique, elles sont faciles \u00e0 pr\u00e9parer en ajoutant de l&rsquo;eau chaude, id\u00e9ales pour un repas rapide et d\u00e9licieux.<\/p>\n","protected":false},"excerpt":{"rendered":"<p>Nouilles Nissin Boeuf 100g sont des nouilles instantan\u00e9es avec un bouillon riche et savoureux au b\u0153uf. Inspir\u00e9es de la cuisine asiatique, elles sont faciles \u00e0 pr\u00e9parer<span class=\"excerpt-hellip\"> [\u2026]<\/span><\/p>\n","protected":false},"featured_media":183975,"comment_status":"open","ping_status":"closed","template":"","meta":[],"product_cat":[36],"product_tag":[],"_links":{"self":[{"href":"https:\/\/www.laperlavalles.cat\/fr\/wp-json\/wp\/v2\/product\/183979"}],"collection":[{"href":"https:\/\/www.laperlavalles.cat\/fr\/wp-json\/wp\/v2\/product"}],"about":[{"href":"https:\/\/www.laperlavalles.cat\/fr\/wp-json\/wp\/v2\/types\/product"}],"replies":[{"embeddable":true,"href":"https:\/\/www.laperlavalles.cat\/fr\/wp-json\/wp\/v2\/comments?post=183979"}],"wp:featuredmedia":[{"embeddable":true,"href":"https:\/\/www.laperlavalles.cat\/fr\/wp-json\/wp\/v2\/media\/183975"}],"wp:attachment":[{"href":"https:\/\/www.laperlavalles.cat\/fr\/wp-json\/wp\/v2\/media?parent=183979"}],"wp:term":[{"taxonomy":"product_cat","embeddable":true,"href":"https:\/\/www.laperlavalles.cat\/fr\/wp-json\/wp\/v2\/product_cat?post=183979"},{"taxonomy":"product_tag","embeddable":true,"href":"https:\/\/www.laperlavalles.cat\/fr\/wp-json\/wp\/v2\/product_tag?post=183979"}],"curies":[{"name":"wp","href":"https:\/\/api.w.org\/{rel}","templated":true}]}}