{"id":184134,"date":"2025-02-28T13:05:14","date_gmt":"2025-02-28T12:05:14","guid":{"rendered":"https:\/\/www.laperlavalles.cat\/product\/nouilles-nongshim-shin-ramyun-120g-6\/"},"modified":"2025-02-28T13:05:14","modified_gmt":"2025-02-28T12:05:14","slug":"nouilles-nongshim-shin-ramyun-120g-6","status":"publish","type":"product","link":"https:\/\/www.laperlavalles.cat\/fr\/produit\/nouilles-nongshim-shin-ramyun-120g-6\/","title":{"rendered":"NOUILLES NONGSHIM SHIN RAMYUN 120G"},"content":{"rendered":"<p>Nouilles Nongshim Shin Ramyun 120g sont des nouilles instantan\u00e9es avec un bouillon \u00e9pic\u00e9 et intens\u00e9ment savoureux, pr\u00e9par\u00e9 avec de v\u00e9ritables \u00e9pices cor\u00e9ennes. Un classique du ramen cor\u00e9en, parfait pour les amateurs de piquant. Il suffit d&rsquo;ajouter de l&rsquo;eau chaude pour savourer un repas rapide et d\u00e9licieux.<\/p>\n","protected":false},"excerpt":{"rendered":"<p>Nouilles Nongshim Shin Ramyun 120g sont des nouilles instantan\u00e9es avec un bouillon \u00e9pic\u00e9 et intens\u00e9ment savoureux, pr\u00e9par\u00e9 avec de v\u00e9ritables \u00e9pices cor\u00e9ennes. Un classique du ramen<span class=\"excerpt-hellip\"> [\u2026]<\/span><\/p>\n","protected":false},"featured_media":184130,"comment_status":"open","ping_status":"closed","template":"","meta":[],"product_cat":[36],"product_tag":[],"_links":{"self":[{"href":"https:\/\/www.laperlavalles.cat\/fr\/wp-json\/wp\/v2\/product\/184134"}],"collection":[{"href":"https:\/\/www.laperlavalles.cat\/fr\/wp-json\/wp\/v2\/product"}],"about":[{"href":"https:\/\/www.laperlavalles.cat\/fr\/wp-json\/wp\/v2\/types\/product"}],"replies":[{"embeddable":true,"href":"https:\/\/www.laperlavalles.cat\/fr\/wp-json\/wp\/v2\/comments?post=184134"}],"wp:featuredmedia":[{"embeddable":true,"href":"https:\/\/www.laperlavalles.cat\/fr\/wp-json\/wp\/v2\/media\/184130"}],"wp:attachment":[{"href":"https:\/\/www.laperlavalles.cat\/fr\/wp-json\/wp\/v2\/media?parent=184134"}],"wp:term":[{"taxonomy":"product_cat","embeddable":true,"href":"https:\/\/www.laperlavalles.cat\/fr\/wp-json\/wp\/v2\/product_cat?post=184134"},{"taxonomy":"product_tag","embeddable":true,"href":"https:\/\/www.laperlavalles.cat\/fr\/wp-json\/wp\/v2\/product_tag?post=184134"}],"curies":[{"name":"wp","href":"https:\/\/api.w.org\/{rel}","templated":true}]}}