{"id":184214,"date":"2025-02-28T13:09:35","date_gmt":"2025-02-28T12:09:35","guid":{"rendered":"https:\/\/www.laperlavalles.cat\/product\/nouilles-nongshim-shin-kimchi-120g-3\/"},"modified":"2025-02-28T13:09:35","modified_gmt":"2025-02-28T12:09:35","slug":"nouilles-nongshim-shin-kimchi-120g-3","status":"publish","type":"product","link":"https:\/\/www.laperlavalles.cat\/fr\/produit\/nouilles-nongshim-shin-kimchi-120g-3\/","title":{"rendered":"NOUILLES NONGSHIM SHIN KIMCHI 120G"},"content":{"rendered":"<p>Nouilles Nongshim Shin Kimchi 120g sont des nouilles instantan\u00e9es avec un bouillon intens\u00e9ment savoureux et une touche \u00e9pic\u00e9e typique du kimchi cor\u00e9en. Pr\u00e9par\u00e9es avec des \u00e9pices authentiques, elles offrent une v\u00e9ritable exp\u00e9rience culinaire cor\u00e9enne. Il suffit d&rsquo;ajouter de l&rsquo;eau chaude pour savourer un repas rapide et d\u00e9licieux.<\/p>\n","protected":false},"excerpt":{"rendered":"<p>Nouilles Nongshim Shin Kimchi 120g sont des nouilles instantan\u00e9es avec un bouillon intens\u00e9ment savoureux et une touche \u00e9pic\u00e9e typique du kimchi cor\u00e9en. Pr\u00e9par\u00e9es avec des \u00e9pices<span class=\"excerpt-hellip\"> [\u2026]<\/span><\/p>\n","protected":false},"featured_media":184210,"comment_status":"open","ping_status":"closed","template":"","meta":[],"product_cat":[36],"product_tag":[],"_links":{"self":[{"href":"https:\/\/www.laperlavalles.cat\/fr\/wp-json\/wp\/v2\/product\/184214"}],"collection":[{"href":"https:\/\/www.laperlavalles.cat\/fr\/wp-json\/wp\/v2\/product"}],"about":[{"href":"https:\/\/www.laperlavalles.cat\/fr\/wp-json\/wp\/v2\/types\/product"}],"replies":[{"embeddable":true,"href":"https:\/\/www.laperlavalles.cat\/fr\/wp-json\/wp\/v2\/comments?post=184214"}],"wp:featuredmedia":[{"embeddable":true,"href":"https:\/\/www.laperlavalles.cat\/fr\/wp-json\/wp\/v2\/media\/184210"}],"wp:attachment":[{"href":"https:\/\/www.laperlavalles.cat\/fr\/wp-json\/wp\/v2\/media?parent=184214"}],"wp:term":[{"taxonomy":"product_cat","embeddable":true,"href":"https:\/\/www.laperlavalles.cat\/fr\/wp-json\/wp\/v2\/product_cat?post=184214"},{"taxonomy":"product_tag","embeddable":true,"href":"https:\/\/www.laperlavalles.cat\/fr\/wp-json\/wp\/v2\/product_tag?post=184214"}],"curies":[{"name":"wp","href":"https:\/\/api.w.org\/{rel}","templated":true}]}}