{"id":184354,"date":"2025-02-28T13:19:57","date_gmt":"2025-02-28T12:19:57","guid":{"rendered":"https:\/\/www.laperlavalles.cat\/product\/nouilles-nongshim-chapagetti-140g-8\/"},"modified":"2025-02-28T13:19:57","modified_gmt":"2025-02-28T12:19:57","slug":"nouilles-nongshim-chapagetti-140g-8","status":"publish","type":"product","link":"https:\/\/www.laperlavalles.cat\/fr\/produit\/nouilles-nongshim-chapagetti-140g-8\/","title":{"rendered":"NOUILLES NONGSHIM CHAPAGETTI 140G"},"content":{"rendered":"<p>Nouilles Nongshim Chapagetti 140g sont des nouilles instantan\u00e9es inspir\u00e9es du plat cor\u00e9en \u00ab\u00a0Jjajangmyeon\u00a0\u00bb, pr\u00e9par\u00e9es avec une sauce \u00e9paisse aux haricots noirs et une touche sucr\u00e9e-sal\u00e9e. Elles offrent une saveur riche et profonde, id\u00e9ale pour les amateurs de cuisine asiatique. Faciles \u00e0 pr\u00e9parer, il suffit d&rsquo;ajouter de l&rsquo;eau chaude et de m\u00e9langer avec la sauce pour savourer un repas d\u00e9licieux en quelques minutes.<\/p>\n","protected":false},"excerpt":{"rendered":"<p>Nouilles Nongshim Chapagetti 140g sont des nouilles instantan\u00e9es inspir\u00e9es du plat cor\u00e9en \u00ab\u00a0Jjajangmyeon\u00a0\u00bb, pr\u00e9par\u00e9es avec une sauce \u00e9paisse aux haricots noirs et une touche sucr\u00e9e-sal\u00e9e. Elles<span class=\"excerpt-hellip\"> [\u2026]<\/span><\/p>\n","protected":false},"featured_media":184350,"comment_status":"open","ping_status":"closed","template":"","meta":[],"product_cat":[36],"product_tag":[],"_links":{"self":[{"href":"https:\/\/www.laperlavalles.cat\/fr\/wp-json\/wp\/v2\/product\/184354"}],"collection":[{"href":"https:\/\/www.laperlavalles.cat\/fr\/wp-json\/wp\/v2\/product"}],"about":[{"href":"https:\/\/www.laperlavalles.cat\/fr\/wp-json\/wp\/v2\/types\/product"}],"replies":[{"embeddable":true,"href":"https:\/\/www.laperlavalles.cat\/fr\/wp-json\/wp\/v2\/comments?post=184354"}],"wp:featuredmedia":[{"embeddable":true,"href":"https:\/\/www.laperlavalles.cat\/fr\/wp-json\/wp\/v2\/media\/184350"}],"wp:attachment":[{"href":"https:\/\/www.laperlavalles.cat\/fr\/wp-json\/wp\/v2\/media?parent=184354"}],"wp:term":[{"taxonomy":"product_cat","embeddable":true,"href":"https:\/\/www.laperlavalles.cat\/fr\/wp-json\/wp\/v2\/product_cat?post=184354"},{"taxonomy":"product_tag","embeddable":true,"href":"https:\/\/www.laperlavalles.cat\/fr\/wp-json\/wp\/v2\/product_tag?post=184354"}],"curies":[{"name":"wp","href":"https:\/\/api.w.org\/{rel}","templated":true}]}}