{"id":184404,"date":"2025-02-28T13:23:34","date_gmt":"2025-02-28T12:23:34","guid":{"rendered":"https:\/\/www.laperlavalles.cat\/product\/nouilles-nongshim-soon-veggie-ramyun-112g-3\/"},"modified":"2025-02-28T13:23:34","modified_gmt":"2025-02-28T12:23:34","slug":"nouilles-nongshim-soon-veggie-ramyun-112g-3","status":"publish","type":"product","link":"https:\/\/www.laperlavalles.cat\/fr\/produit\/nouilles-nongshim-soon-veggie-ramyun-112g-3\/","title":{"rendered":"NOUILLES NONGSHIM SOON VEGGIE RAMYUN 112G"},"content":{"rendered":"<p>Nouilles Nongshim Soon Veggie Ramyun 112g sont des nouilles instantan\u00e9es 100% v\u00e9g\u00e9tariennes avec un bouillon doux et savoureux, pr\u00e9par\u00e9 avec des ingr\u00e9dients d&rsquo;origine v\u00e9g\u00e9tale. Gr\u00e2ce \u00e0 un m\u00e9lange parfait d&rsquo;\u00e9pices et de l\u00e9gumes, elles offrent une exp\u00e9rience d\u00e9licieuse et l\u00e9g\u00e8re, id\u00e9ale pour ceux qui recherchent une option sans viande. Faciles \u00e0 pr\u00e9parer, il suffit d&rsquo;ajouter de l&rsquo;eau chaude pour savourer un repas rapide et nutritif.<\/p>\n","protected":false},"excerpt":{"rendered":"<p>Nouilles Nongshim Soon Veggie Ramyun 112g sont des nouilles instantan\u00e9es 100% v\u00e9g\u00e9tariennes avec un bouillon doux et savoureux, pr\u00e9par\u00e9 avec des ingr\u00e9dients d&rsquo;origine v\u00e9g\u00e9tale. Gr\u00e2ce \u00e0<span class=\"excerpt-hellip\"> [\u2026]<\/span><\/p>\n","protected":false},"featured_media":184400,"comment_status":"open","ping_status":"closed","template":"","meta":[],"product_cat":[36],"product_tag":[],"_links":{"self":[{"href":"https:\/\/www.laperlavalles.cat\/fr\/wp-json\/wp\/v2\/product\/184404"}],"collection":[{"href":"https:\/\/www.laperlavalles.cat\/fr\/wp-json\/wp\/v2\/product"}],"about":[{"href":"https:\/\/www.laperlavalles.cat\/fr\/wp-json\/wp\/v2\/types\/product"}],"replies":[{"embeddable":true,"href":"https:\/\/www.laperlavalles.cat\/fr\/wp-json\/wp\/v2\/comments?post=184404"}],"wp:featuredmedia":[{"embeddable":true,"href":"https:\/\/www.laperlavalles.cat\/fr\/wp-json\/wp\/v2\/media\/184400"}],"wp:attachment":[{"href":"https:\/\/www.laperlavalles.cat\/fr\/wp-json\/wp\/v2\/media?parent=184404"}],"wp:term":[{"taxonomy":"product_cat","embeddable":true,"href":"https:\/\/www.laperlavalles.cat\/fr\/wp-json\/wp\/v2\/product_cat?post=184404"},{"taxonomy":"product_tag","embeddable":true,"href":"https:\/\/www.laperlavalles.cat\/fr\/wp-json\/wp\/v2\/product_tag?post=184404"}],"curies":[{"name":"wp","href":"https:\/\/api.w.org\/{rel}","templated":true}]}}