{"id":184544,"date":"2025-02-28T13:34:52","date_gmt":"2025-02-28T12:34:52","guid":{"rendered":"https:\/\/www.laperlavalles.cat\/product\/nouilles-nongshim-neoguri-ramyun-hot-120g-4\/"},"modified":"2025-02-28T13:34:52","modified_gmt":"2025-02-28T12:34:52","slug":"nouilles-nongshim-neoguri-ramyun-hot-120g-4","status":"publish","type":"product","link":"https:\/\/www.laperlavalles.cat\/fr\/produit\/nouilles-nongshim-neoguri-ramyun-hot-120g-4\/","title":{"rendered":"NOUILLES NONGSHIM NEOGURI RAMYUN HOT 120G"},"content":{"rendered":"<p>Nouilles Nongshim Neoguri Ramyun Hot 120g sont des nouilles instantan\u00e9es \u00e9paisses avec un bouillon \u00e9pic\u00e9 et intense aux fruits de mer, inspir\u00e9 de la cuisine cor\u00e9enne. Leur combinaison de saveur umami, d&rsquo;\u00e9pices et de texture ferme en fait un choix id\u00e9al pour les amateurs de plats relev\u00e9s. Faciles \u00e0 pr\u00e9parer, il suffit d&rsquo;ajouter de l&rsquo;eau chaude et d&rsquo;attendre quelques minutes pour savourer un repas d\u00e9licieux et r\u00e9confortant.<\/p>\n","protected":false},"excerpt":{"rendered":"<p>Nouilles Nongshim Neoguri Ramyun Hot 120g sont des nouilles instantan\u00e9es \u00e9paisses avec un bouillon \u00e9pic\u00e9 et intense aux fruits de mer, inspir\u00e9 de la cuisine cor\u00e9enne.<span class=\"excerpt-hellip\"> [\u2026]<\/span><\/p>\n","protected":false},"featured_media":184540,"comment_status":"open","ping_status":"closed","template":"","meta":[],"product_cat":[36],"product_tag":[],"_links":{"self":[{"href":"https:\/\/www.laperlavalles.cat\/fr\/wp-json\/wp\/v2\/product\/184544"}],"collection":[{"href":"https:\/\/www.laperlavalles.cat\/fr\/wp-json\/wp\/v2\/product"}],"about":[{"href":"https:\/\/www.laperlavalles.cat\/fr\/wp-json\/wp\/v2\/types\/product"}],"replies":[{"embeddable":true,"href":"https:\/\/www.laperlavalles.cat\/fr\/wp-json\/wp\/v2\/comments?post=184544"}],"wp:featuredmedia":[{"embeddable":true,"href":"https:\/\/www.laperlavalles.cat\/fr\/wp-json\/wp\/v2\/media\/184540"}],"wp:attachment":[{"href":"https:\/\/www.laperlavalles.cat\/fr\/wp-json\/wp\/v2\/media?parent=184544"}],"wp:term":[{"taxonomy":"product_cat","embeddable":true,"href":"https:\/\/www.laperlavalles.cat\/fr\/wp-json\/wp\/v2\/product_cat?post=184544"},{"taxonomy":"product_tag","embeddable":true,"href":"https:\/\/www.laperlavalles.cat\/fr\/wp-json\/wp\/v2\/product_tag?post=184544"}],"curies":[{"name":"wp","href":"https:\/\/api.w.org\/{rel}","templated":true}]}}