{"id":184639,"date":"2025-02-28T13:42:39","date_gmt":"2025-02-28T12:42:39","guid":{"rendered":"https:\/\/www.laperlavalles.cat\/product\/nouilles-nongshim-super-spicy-pot-68g-2\/"},"modified":"2025-02-28T13:42:39","modified_gmt":"2025-02-28T12:42:39","slug":"nouilles-nongshim-super-spicy-pot-68g-2","status":"publish","type":"product","link":"https:\/\/www.laperlavalles.cat\/fr\/produit\/nouilles-nongshim-super-spicy-pot-68g-2\/","title":{"rendered":"NOUILLES NONGSHIM SUPER SPICY POT 68G"},"content":{"rendered":"<p>Nouilles Nongshim Super Spicy Pot 68g sont des nouilles instantan\u00e9es avec un bouillon extr\u00eamement \u00e9pic\u00e9, parfaites pour les amateurs de sensations fortes. Leur m\u00e9lange d&rsquo;\u00e9pices intensifie la saveur, offrant une exp\u00e9rience culinaire br\u00fblante et pleine de caract\u00e8re. Faciles \u00e0 pr\u00e9parer, il suffit d&rsquo;ajouter de l&rsquo;eau chaude et d&rsquo;attendre quelques minutes pour savourer un repas rapide et intense.<\/p>\n","protected":false},"excerpt":{"rendered":"<p>Nouilles Nongshim Super Spicy Pot 68g sont des nouilles instantan\u00e9es avec un bouillon extr\u00eamement \u00e9pic\u00e9, parfaites pour les amateurs de sensations fortes. Leur m\u00e9lange d&rsquo;\u00e9pices intensifie<span class=\"excerpt-hellip\"> [\u2026]<\/span><\/p>\n","protected":false},"featured_media":184635,"comment_status":"open","ping_status":"closed","template":"","meta":[],"product_cat":[36],"product_tag":[],"_links":{"self":[{"href":"https:\/\/www.laperlavalles.cat\/fr\/wp-json\/wp\/v2\/product\/184639"}],"collection":[{"href":"https:\/\/www.laperlavalles.cat\/fr\/wp-json\/wp\/v2\/product"}],"about":[{"href":"https:\/\/www.laperlavalles.cat\/fr\/wp-json\/wp\/v2\/types\/product"}],"replies":[{"embeddable":true,"href":"https:\/\/www.laperlavalles.cat\/fr\/wp-json\/wp\/v2\/comments?post=184639"}],"wp:featuredmedia":[{"embeddable":true,"href":"https:\/\/www.laperlavalles.cat\/fr\/wp-json\/wp\/v2\/media\/184635"}],"wp:attachment":[{"href":"https:\/\/www.laperlavalles.cat\/fr\/wp-json\/wp\/v2\/media?parent=184639"}],"wp:term":[{"taxonomy":"product_cat","embeddable":true,"href":"https:\/\/www.laperlavalles.cat\/fr\/wp-json\/wp\/v2\/product_cat?post=184639"},{"taxonomy":"product_tag","embeddable":true,"href":"https:\/\/www.laperlavalles.cat\/fr\/wp-json\/wp\/v2\/product_tag?post=184639"}],"curies":[{"name":"wp","href":"https:\/\/api.w.org\/{rel}","templated":true}]}}