{"id":184779,"date":"2025-02-28T13:56:10","date_gmt":"2025-02-28T12:56:10","guid":{"rendered":"https:\/\/www.laperlavalles.cat\/product\/nouilles-nongshim-neoguri-ramyun-mild-120g-5\/"},"modified":"2025-02-28T13:56:10","modified_gmt":"2025-02-28T12:56:10","slug":"nouilles-nongshim-neoguri-ramyun-mild-120g-5","status":"publish","type":"product","link":"https:\/\/www.laperlavalles.cat\/fr\/produit\/nouilles-nongshim-neoguri-ramyun-mild-120g-5\/","title":{"rendered":"NOUILLES NONGSHIM NEOGURI RAMYUN MILD 120G"},"content":{"rendered":"<p>Nouilles Nongshim Neoguri Ramyun Mild 120g sont des nouilles instantan\u00e9es \u00e9paisses avec un bouillon doux aux fruits de mer, moins \u00e9pic\u00e9 que la version originale. Inspir\u00e9es de la cuisine cor\u00e9enne, elles offrent une texture ferme et une saveur umami profonde, avec des algues pour renforcer le go\u00fbt marin. Parfaites pour ceux qui pr\u00e9f\u00e8rent un niveau de piquant plus mod\u00e9r\u00e9.<\/p>\n","protected":false},"excerpt":{"rendered":"<p>Nouilles Nongshim Neoguri Ramyun Mild 120g sont des nouilles instantan\u00e9es \u00e9paisses avec un bouillon doux aux fruits de mer, moins \u00e9pic\u00e9 que la version originale. Inspir\u00e9es<span class=\"excerpt-hellip\"> [\u2026]<\/span><\/p>\n","protected":false},"featured_media":184775,"comment_status":"open","ping_status":"closed","template":"","meta":[],"product_cat":[36],"product_tag":[],"_links":{"self":[{"href":"https:\/\/www.laperlavalles.cat\/fr\/wp-json\/wp\/v2\/product\/184779"}],"collection":[{"href":"https:\/\/www.laperlavalles.cat\/fr\/wp-json\/wp\/v2\/product"}],"about":[{"href":"https:\/\/www.laperlavalles.cat\/fr\/wp-json\/wp\/v2\/types\/product"}],"replies":[{"embeddable":true,"href":"https:\/\/www.laperlavalles.cat\/fr\/wp-json\/wp\/v2\/comments?post=184779"}],"wp:featuredmedia":[{"embeddable":true,"href":"https:\/\/www.laperlavalles.cat\/fr\/wp-json\/wp\/v2\/media\/184775"}],"wp:attachment":[{"href":"https:\/\/www.laperlavalles.cat\/fr\/wp-json\/wp\/v2\/media?parent=184779"}],"wp:term":[{"taxonomy":"product_cat","embeddable":true,"href":"https:\/\/www.laperlavalles.cat\/fr\/wp-json\/wp\/v2\/product_cat?post=184779"},{"taxonomy":"product_tag","embeddable":true,"href":"https:\/\/www.laperlavalles.cat\/fr\/wp-json\/wp\/v2\/product_tag?post=184779"}],"curies":[{"name":"wp","href":"https:\/\/api.w.org\/{rel}","templated":true}]}}