{"id":184859,"date":"2025-02-28T14:02:18","date_gmt":"2025-02-28T13:02:18","guid":{"rendered":"https:\/\/www.laperlavalles.cat\/product\/nouilles-nongshim-super-spicy-120g-2\/"},"modified":"2025-02-28T14:02:18","modified_gmt":"2025-02-28T13:02:18","slug":"nouilles-nongshim-super-spicy-120g-2","status":"publish","type":"product","link":"https:\/\/www.laperlavalles.cat\/fr\/produit\/nouilles-nongshim-super-spicy-120g-2\/","title":{"rendered":"NOUILLES NONGSHIM SUPER SPICY 120G"},"content":{"rendered":"<p>Nouilles Nongshim Super Spicy 120g sont des nouilles instantan\u00e9es avec un bouillon extr\u00eamement \u00e9pic\u00e9, id\u00e9ales pour les amateurs de saveurs intenses. Pr\u00e9par\u00e9es avec un m\u00e9lange d&rsquo;\u00e9pices cor\u00e9ennes, elles offrent une exp\u00e9rience br\u00fblante et pleine de caract\u00e8re. Avec une texture ferme et une saveur profonde, elles sont parfaites pour ceux qui aiment les plats tr\u00e8s relev\u00e9s.<\/p>\n","protected":false},"excerpt":{"rendered":"<p>Nouilles Nongshim Super Spicy 120g sont des nouilles instantan\u00e9es avec un bouillon extr\u00eamement \u00e9pic\u00e9, id\u00e9ales pour les amateurs de saveurs intenses. Pr\u00e9par\u00e9es avec un m\u00e9lange d&rsquo;\u00e9pices<span class=\"excerpt-hellip\"> [\u2026]<\/span><\/p>\n","protected":false},"featured_media":184855,"comment_status":"open","ping_status":"closed","template":"","meta":[],"product_cat":[36],"product_tag":[],"_links":{"self":[{"href":"https:\/\/www.laperlavalles.cat\/fr\/wp-json\/wp\/v2\/product\/184859"}],"collection":[{"href":"https:\/\/www.laperlavalles.cat\/fr\/wp-json\/wp\/v2\/product"}],"about":[{"href":"https:\/\/www.laperlavalles.cat\/fr\/wp-json\/wp\/v2\/types\/product"}],"replies":[{"embeddable":true,"href":"https:\/\/www.laperlavalles.cat\/fr\/wp-json\/wp\/v2\/comments?post=184859"}],"wp:featuredmedia":[{"embeddable":true,"href":"https:\/\/www.laperlavalles.cat\/fr\/wp-json\/wp\/v2\/media\/184855"}],"wp:attachment":[{"href":"https:\/\/www.laperlavalles.cat\/fr\/wp-json\/wp\/v2\/media?parent=184859"}],"wp:term":[{"taxonomy":"product_cat","embeddable":true,"href":"https:\/\/www.laperlavalles.cat\/fr\/wp-json\/wp\/v2\/product_cat?post=184859"},{"taxonomy":"product_tag","embeddable":true,"href":"https:\/\/www.laperlavalles.cat\/fr\/wp-json\/wp\/v2\/product_tag?post=184859"}],"curies":[{"name":"wp","href":"https:\/\/api.w.org\/{rel}","templated":true}]}}