{"id":184999,"date":"2025-02-28T14:17:10","date_gmt":"2025-02-28T13:17:10","guid":{"rendered":"https:\/\/www.laperlavalles.cat\/product\/nouilles-nongshim-ansung-125gr-8\/"},"modified":"2025-02-28T14:17:10","modified_gmt":"2025-02-28T13:17:10","slug":"nouilles-nongshim-ansung-125gr-8","status":"publish","type":"product","link":"https:\/\/www.laperlavalles.cat\/fr\/produit\/nouilles-nongshim-ansung-125gr-8\/","title":{"rendered":"NOUILLES NONGSHIM ANSUNG 125GR"},"content":{"rendered":"<p>Nouilles Nongshim Ansung 125gr sont des nouilles instantan\u00e9es inspir\u00e9es de la soupe cor\u00e9enne traditionnelle \u00e0 la p\u00e2te de soja (doenjang). Elles offrent un bouillon riche et doux, avec une saveur umami profonde, parfaites pour ceux qui recherchent une exp\u00e9rience authentique et r\u00e9confortante. Avec une texture ferme et un m\u00e9lange \u00e9quilibr\u00e9 d&rsquo;\u00e9pices, elles constituent un choix d\u00e9licieux et satisfaisant.<\/p>\n","protected":false},"excerpt":{"rendered":"<p>Nouilles Nongshim Ansung 125gr sont des nouilles instantan\u00e9es inspir\u00e9es de la soupe cor\u00e9enne traditionnelle \u00e0 la p\u00e2te de soja (doenjang). Elles offrent un bouillon riche et<span class=\"excerpt-hellip\"> [\u2026]<\/span><\/p>\n","protected":false},"featured_media":184995,"comment_status":"open","ping_status":"closed","template":"","meta":[],"product_cat":[36],"product_tag":[],"_links":{"self":[{"href":"https:\/\/www.laperlavalles.cat\/fr\/wp-json\/wp\/v2\/product\/184999"}],"collection":[{"href":"https:\/\/www.laperlavalles.cat\/fr\/wp-json\/wp\/v2\/product"}],"about":[{"href":"https:\/\/www.laperlavalles.cat\/fr\/wp-json\/wp\/v2\/types\/product"}],"replies":[{"embeddable":true,"href":"https:\/\/www.laperlavalles.cat\/fr\/wp-json\/wp\/v2\/comments?post=184999"}],"wp:featuredmedia":[{"embeddable":true,"href":"https:\/\/www.laperlavalles.cat\/fr\/wp-json\/wp\/v2\/media\/184995"}],"wp:attachment":[{"href":"https:\/\/www.laperlavalles.cat\/fr\/wp-json\/wp\/v2\/media?parent=184999"}],"wp:term":[{"taxonomy":"product_cat","embeddable":true,"href":"https:\/\/www.laperlavalles.cat\/fr\/wp-json\/wp\/v2\/product_cat?post=184999"},{"taxonomy":"product_tag","embeddable":true,"href":"https:\/\/www.laperlavalles.cat\/fr\/wp-json\/wp\/v2\/product_tag?post=184999"}],"curies":[{"name":"wp","href":"https:\/\/api.w.org\/{rel}","templated":true}]}}