{"id":185019,"date":"2025-02-28T14:17:49","date_gmt":"2025-02-28T13:18:06","guid":{"rendered":"https:\/\/www.laperlavalles.cat\/product\/nouilles-nongshim-stir-fry-131g\/"},"modified":"2025-02-28T22:10:51","modified_gmt":"2025-02-28T21:10:51","slug":"nouilles-nongshim-stir-fry-131g","status":"publish","type":"product","link":"https:\/\/www.laperlavalles.cat\/fr\/produit\/nouilles-nongshim-stir-fry-131g\/","title":{"rendered":"NOUILLES NONGSHIM STIR FRY 131G"},"content":{"rendered":"<p>Nouilles Nongshim Stir Fry 131g sont des nouilles instantan\u00e9es \u00e0 sauter, au go\u00fbt intense et \u00e9pic\u00e9. Sans bouillon, elles ont une texture ferme et sont enrob\u00e9es d\u2019une d\u00e9licieuse sauce cor\u00e9enne, id\u00e9ales pour les amateurs de plats saut\u00e9s. Faciles \u00e0 pr\u00e9parer, elles constituent un repas rapide et savoureux.<\/p>\n","protected":false},"excerpt":{"rendered":"<p>Nouilles Nongshim Stir Fry 131g sont des nouilles instantan\u00e9es \u00e0 sauter, au go\u00fbt intense et \u00e9pic\u00e9. Sans bouillon, elles ont une texture ferme et sont enrob\u00e9es<span class=\"excerpt-hellip\"> [\u2026]<\/span><\/p>\n","protected":false},"featured_media":185002,"comment_status":"open","ping_status":"closed","template":"","meta":[],"product_cat":[10616],"product_tag":[],"_links":{"self":[{"href":"https:\/\/www.laperlavalles.cat\/fr\/wp-json\/wp\/v2\/product\/185019"}],"collection":[{"href":"https:\/\/www.laperlavalles.cat\/fr\/wp-json\/wp\/v2\/product"}],"about":[{"href":"https:\/\/www.laperlavalles.cat\/fr\/wp-json\/wp\/v2\/types\/product"}],"replies":[{"embeddable":true,"href":"https:\/\/www.laperlavalles.cat\/fr\/wp-json\/wp\/v2\/comments?post=185019"}],"wp:featuredmedia":[{"embeddable":true,"href":"https:\/\/www.laperlavalles.cat\/fr\/wp-json\/wp\/v2\/media\/185002"}],"wp:attachment":[{"href":"https:\/\/www.laperlavalles.cat\/fr\/wp-json\/wp\/v2\/media?parent=185019"}],"wp:term":[{"taxonomy":"product_cat","embeddable":true,"href":"https:\/\/www.laperlavalles.cat\/fr\/wp-json\/wp\/v2\/product_cat?post=185019"},{"taxonomy":"product_tag","embeddable":true,"href":"https:\/\/www.laperlavalles.cat\/fr\/wp-json\/wp\/v2\/product_tag?post=185019"}],"curies":[{"name":"wp","href":"https:\/\/api.w.org\/{rel}","templated":true}]}}