{"id":185084,"date":"2025-02-28T14:22:13","date_gmt":"2025-02-28T13:22:13","guid":{"rendered":"https:\/\/www.laperlavalles.cat\/product\/nouilles-nongshim-seafood-ramyun-125g-2\/"},"modified":"2025-02-28T14:22:13","modified_gmt":"2025-02-28T13:22:13","slug":"nouilles-nongshim-seafood-ramyun-125g-2","status":"publish","type":"product","link":"https:\/\/www.laperlavalles.cat\/fr\/produit\/nouilles-nongshim-seafood-ramyun-125g-2\/","title":{"rendered":"NOUILLES NONGSHIM SEAFOOD RAMYUN 125G"},"content":{"rendered":"<p>Nouilles Nongshim Seafood Ramyun 125g sont des nouilles instantan\u00e9es avec un bouillon riche en saveurs de fruits de mer, combinant crevettes, palourdes et autres ingr\u00e9dients marins. Leur texture ferme et leur m\u00e9lange \u00e9quilibr\u00e9 d\u2019\u00e9pices en font un choix id\u00e9al pour les amateurs de fruits de mer. Parfaites pour un repas rapide et r\u00e9confortant avec une touche cor\u00e9enne.<\/p>\n","protected":false},"excerpt":{"rendered":"<p>Nouilles Nongshim Seafood Ramyun 125g sont des nouilles instantan\u00e9es avec un bouillon riche en saveurs de fruits de mer, combinant crevettes, palourdes et autres ingr\u00e9dients marins.<span class=\"excerpt-hellip\"> [\u2026]<\/span><\/p>\n","protected":false},"featured_media":185080,"comment_status":"open","ping_status":"closed","template":"","meta":[],"product_cat":[36],"product_tag":[],"_links":{"self":[{"href":"https:\/\/www.laperlavalles.cat\/fr\/wp-json\/wp\/v2\/product\/185084"}],"collection":[{"href":"https:\/\/www.laperlavalles.cat\/fr\/wp-json\/wp\/v2\/product"}],"about":[{"href":"https:\/\/www.laperlavalles.cat\/fr\/wp-json\/wp\/v2\/types\/product"}],"replies":[{"embeddable":true,"href":"https:\/\/www.laperlavalles.cat\/fr\/wp-json\/wp\/v2\/comments?post=185084"}],"wp:featuredmedia":[{"embeddable":true,"href":"https:\/\/www.laperlavalles.cat\/fr\/wp-json\/wp\/v2\/media\/185080"}],"wp:attachment":[{"href":"https:\/\/www.laperlavalles.cat\/fr\/wp-json\/wp\/v2\/media?parent=185084"}],"wp:term":[{"taxonomy":"product_cat","embeddable":true,"href":"https:\/\/www.laperlavalles.cat\/fr\/wp-json\/wp\/v2\/product_cat?post=185084"},{"taxonomy":"product_tag","embeddable":true,"href":"https:\/\/www.laperlavalles.cat\/fr\/wp-json\/wp\/v2\/product_tag?post=185084"}],"curies":[{"name":"wp","href":"https:\/\/api.w.org\/{rel}","templated":true}]}}